{"id":7232,"date":"2024-06-18T00:52:11","date_gmt":"2024-06-18T00:52:11","guid":{"rendered":"https:\/\/colegiolosreyes.cl\/sitio\/?page_id=7232"},"modified":"2024-06-19T02:00:38","modified_gmt":"2024-06-19T02:00:38","slug":"pme","status":"publish","type":"page","link":"https:\/\/colegiolosreyes.cl\/sitio\/nosotros\/pme\/","title":{"rendered":"PME &#8211; Plan de mejoramiento educativo"},"content":{"rendered":"<div class=\"wpb-content-wrapper\"><p>[vc_row][vc_column][vc_custom_heading text=&#8221;Innovaci\u00f3n y Compromiso con la Excelencia&#8221; font_container=&#8221;tag:h2|text_align:left|color:%23dd3333&#8243; css=&#8221;&#8221;][vc_column_text css=&#8221;&#8221;]<\/p>\n<p style=\"text-align: justify;\">Estamos en un momento trascendental en la historia educativa del Colegio de los Reyes. El a\u00f1o 2024 marca el cierre de un ciclo en nuestro Plan de Mejoramiento Educativo (PME), un ciclo que ha estado marcado por el compromiso, la innovaci\u00f3n y el constante esfuerzo por alcanzar la excelencia acad\u00e9mica.<\/p>\n<p style=\"text-align: justify;\"><img loading=\"lazy\" decoding=\"async\" class=\"alignright size-full wp-image-7269\" src=\"https:\/\/colegiolosreyes.cl\/sitio\/wp-content\/uploads\/2024\/06\/pme_dentro.jpg\" alt=\"\" width=\"500\" height=\"273\" srcset=\"https:\/\/colegiolosreyes.cl\/sitio\/wp-content\/uploads\/2024\/06\/pme_dentro.jpg 500w, https:\/\/colegiolosreyes.cl\/sitio\/wp-content\/uploads\/2024\/06\/pme_dentro-300x164.jpg 300w\" sizes=\"auto, (max-width: 500px) 100vw, 500px\" \/>Los resultados de nuestros esfuerzos no se hacen esperar. En el \u00faltimo Sistema de Medici\u00f3n de la Calidad de la Educaci\u00f3n (SIMCE) , hemos visto un notable progreso. Por ejemplo, en el SIMCE de Cuarto B\u00e1sico, hemos mantenido un alto nivel en el \u00e1rea del lenguaje y hemos logrado subir nueve puntos en la asignatura de matem\u00e1tica. En Segundo Medio, los resultados son impresionantes, con un aumento de 28 puntos en lenguaje y 30 puntos en matem\u00e1tica. Estos logros son el reflejo de un trabajo articulado y continuo, desde prek\u00ednder hasta cuarto a\u00f1o medio, a trav\u00e9s de nuestro PME.<\/p>\n<p style=\"text-align: justify;\">Nuestro PME no solo se trata de alcanzar cifras y resultados, sino de transformar la experiencia educativa de nuestros estudiantes. Estamos comprometidos a seguir generando estrategias y proyectos educativos que respondan a las necesidades y potencialidades de cada uno de nuestros alumnos y alumnas. En el Colegio Los Reyes, creemos en el poder transformador de la educaci\u00f3n y en el potencial ilimitado de nuestros estudiantes. Continuaremos trabajando con pasi\u00f3n y dedicaci\u00f3n para seguir elevando los est\u00e1ndares acad\u00e9micos y brindarles las herramientas necesarias para que alcancen sus sue\u00f1os y aspiraciones.<\/p>\n<p style=\"text-align: justify;\">Juntos, estamos construyendo un futuro brillante para nuestros estudiantes y para nuestra comunidad educativa.<\/p>\n<p style=\"text-align: center;\"><em><strong>\u00a1Sigamos adelante, con fuerza y determinaci\u00f3n!<\/strong><\/em><\/p>\n<p>[\/vc_column_text][\/vc_column][\/vc_row]<\/p>\n<\/div>","protected":false},"excerpt":{"rendered":"<p>[vc_row][vc_column][vc_custom_heading text=&#8221;Innovaci\u00f3n y Compromiso con la Excelencia&#8221; font_container=&#8221;tag:h2|text_align:left|color:%23dd3333&#8243; css=&#8221;&#8221;][vc_column_text css=&#8221;&#8221;] Estamos en un momento trascendental en la historia educativa del Colegio de los Reyes. El a\u00f1o 2024 marca&#8230;<\/p>\n","protected":false},"author":1,"featured_media":0,"parent":6468,"menu_order":0,"comment_status":"closed","ping_status":"closed","template":"","meta":{"footnotes":"","_links_to":"","_links_to_target":""},"class_list":["post-7232","page","type-page","status-publish","hentry"],"_links":{"self":[{"href":"https:\/\/colegiolosreyes.cl\/sitio\/wp-json\/wp\/v2\/pages\/7232","targetHints":{"allow":["GET"]}}],"collection":[{"href":"https:\/\/colegiolosreyes.cl\/sitio\/wp-json\/wp\/v2\/pages"}],"about":[{"href":"https:\/\/colegiolosreyes.cl\/sitio\/wp-json\/wp\/v2\/types\/page"}],"author":[{"embeddable":true,"href":"https:\/\/colegiolosreyes.cl\/sitio\/wp-json\/wp\/v2\/users\/1"}],"replies":[{"embeddable":true,"href":"https:\/\/colegiolosreyes.cl\/sitio\/wp-json\/wp\/v2\/comments?post=7232"}],"version-history":[{"count":5,"href":"https:\/\/colegiolosreyes.cl\/sitio\/wp-json\/wp\/v2\/pages\/7232\/revisions"}],"predecessor-version":[{"id":7271,"href":"https:\/\/colegiolosreyes.cl\/sitio\/wp-json\/wp\/v2\/pages\/7232\/revisions\/7271"}],"up":[{"embeddable":true,"href":"https:\/\/colegiolosreyes.cl\/sitio\/wp-json\/wp\/v2\/pages\/6468"}],"wp:attachment":[{"href":"https:\/\/colegiolosreyes.cl\/sitio\/wp-json\/wp\/v2\/media?parent=7232"}],"curies":[{"name":"wp","href":"https:\/\/api.w.org\/{rel}","templated":true}]}}