{"id":6952,"date":"2024-05-29T13:41:52","date_gmt":"2024-05-29T13:41:52","guid":{"rendered":"https:\/\/colegiolosreyes.cl\/sitio\/?page_id=6952"},"modified":"2025-09-04T20:58:00","modified_gmt":"2025-09-04T20:58:00","slug":"sede-luis-larco","status":"publish","type":"page","link":"https:\/\/colegiolosreyes.cl\/sitio\/sede-luis-larco\/","title":{"rendered":"SEDE LUIS LARCO"},"content":{"rendered":"<div class=\"wpb-content-wrapper\"><p>[vc_row][vc_column width=&#8221;1\/4&#8243;][vc_custom_heading text=&#8221;Info de Contacto Sede Luis Larco:&#8221; font_container=&#8221;tag:h2|text_align:left|color:%23dd3333&#8243; css=&#8221;&#8221;]\n\t\t<div class=\"rs-contact\">\n       <div class=\"contact-address  \"><div class=\"address-item\">\n\t\t\t\t<div class=\"address-icon\">\n\t\t\t\t\t<i class=\"fa fa-phone\"><\/i>\n\t\t\t\t<\/div>\n\t\t\t\t<div class=\"address-text\">\n\t\t\t\t\t413256821 <br>\n\t\t\t\t\t\n\t\t\t\t<\/div>\n\t\t\t<\/div><div class=\"address-item\">\n\t\t\t\t<div class=\"address-icon\">\n\t\t\t\t\t<i class=\"fa fa-envelope-o\"><\/i>\n\t\t\t\t<\/div>\n\t\t\t\t<div class=\"address-text\">\n\t\t\t\t\tinfo@colegiolosreyes.cl <br>\n\t\t\t\t\t\n\t\t\t\t<\/div>\n\t\t\t<\/div><div class=\"address-item\">\n\t\t\t\t<div class=\"address-icon\">\n\t\t\t\t\t<i class=\"fa fa-map-marker\"><\/i>\n\t\t\t\t<\/div>\n\t\t\t\t<div class=\"address-text\">\n\t\t\t\t\tMatilde 700 &#8211; Quilpu\u00e9\n\t\t\t\t<\/div>\n\t\t\t<\/div>\n\t\t<\/div>\n\t\t<\/div>[vc_separator color=&#8221;white&#8221; css=&#8221;&#8221;][vc_single_image image=&#8221;7226&#8243; img_size=&#8221;full&#8221; onclick=&#8221;custom_link&#8221; img_link_target=&#8221;_blank&#8221; css_animation=&#8221;fadeIn&#8221; css=&#8221;&#8221; link=&#8221;https:\/\/www.instagram.com\/colegiolosreyessedeluislarco\/?utm_source=ig_web_button_share_sheet&amp;amp%3Bigsh=ZDN&#8221;][\/vc_column][vc_column width=&#8221;3\/4&#8243;][vc_single_image image=&#8221;7043&#8243; img_size=&#8221;full&#8221; alignment=&#8221;center&#8221; style=&#8221;vc_box_border&#8221; onclick=&#8221;link_image&#8221; css_animation=&#8221;bounceIn&#8221; css=&#8221;&#8221;][\/vc_column][\/vc_row][vc_row][vc_column][vc_separator css=&#8221;&#8221;][vc_tta_tabs style=&#8221;modern&#8221; color=&#8221;blue&#8221; active_section=&#8221;234&#8243;][vc_tta_section i_icon_fontawesome=&#8221;fas fa-sitemap&#8221; add_icon=&#8221;true&#8221; title=&#8221;\u00c1REAS ACAD. Y ADMIN.&#8221; tab_id=&#8221;1716992286773-1b575630-792c&#8221;][vc_single_image image=&#8221;7255&#8243; img_size=&#8221;full&#8221; style=&#8221;vc_box_border&#8221; onclick=&#8221;custom_link&#8221; css_animation=&#8221;bounceIn&#8221; css=&#8221;&#8221; link=&#8221;https:\/\/colegiolosreyes.cl\/sitio\/organizacion-institucional\/areas-academica-y-administrativa\/sede-luis-larco\/&#8221;][\/vc_tta_section][vc_tta_section i_icon_fontawesome=&#8221;fas fa-bell&#8221; add_icon=&#8221;true&#8221; title=&#8221;NOTICIAS&#8221; tab_id=&#8221;1716992139407-610dd466-2737&#8243;]<div class=\"rs-blog home-blog-area \">\n\t\t<div class=\"blog-carousel blog-slider owl-carousel owl-navigation-yes\" data-carousel-options=\"{&quot;nav&quot;:false,&quot;navText&quot;:[&quot;&lt;i class=&#039;fa fa-angle-left&#039;&gt;&lt;\\\/i&gt;&quot;,&quot;&lt;i class=&#039;fa fa-angle-right&#039;&gt;&lt;\\\/i&gt;&quot;],&quot;dots&quot;:true,&quot;autoplay&quot;:true,&quot;autoplayTimeout&quot;:&quot;5000&quot;,&quot;stagePadding&quot;:0,&quot;autoplaySpeed&quot;:&quot;200&quot;,&quot;autoplayHoverPause&quot;:true,&quot;loop&quot;:true,&quot;margin&quot;:20,&quot;items&quot;:3,&quot;responsive&quot;:{&quot;0&quot;:{&quot;items&quot;:&quot;1&quot;},&quot;480&quot;:{&quot;items&quot;:&quot;2&quot;},&quot;768&quot;:{&quot;items&quot;:&quot;3&quot;},&quot;992&quot;:{&quot;items&quot;:&quot;3&quot;},&quot;1200&quot;:{&quot;items&quot;:&quot;3&quot;}}}\"><div class=\"blog-item\">\n\t\t\t\t\t\t<div class=\"blog-img\">\n                            <img decoding=\"async\" src=\"https:\/\/colegiolosreyes.cl\/sitio\/wp-content\/uploads\/2026\/04\/resized_IMG_2263.jpg\" alt=\"ALUMNA DE S\u00c9PTIMO B\u00c1SICO C CLASIFICA AL CAMPEONATO SUDAMERICANO DE KARATE, EN CARTAGENA DE INDIAS, COLOMBIA.\" \/>\n                            <a href=\"https:\/\/colegiolosreyes.cl\/sitio\/?post_type=post&p=8845\" class=\"blog-link\"><i class=\"fa fa-link\"><\/i><\/a>\n                        <\/div>\n                        <div class=\"blog-content\">\n                            <div class=\"display-table\">\n                                <div class=\"display-table-cell\">\n                                \t<div class=\"blog-date\">\n                                \t\tabril 14, 2026\n                                \t<\/div>\n                                    <h3><a href=\"https:\/\/colegiolosreyes.cl\/sitio\/?post_type=post&p=8845\">ALUMNA DE S\u00c9PTIMO B\u00c1SICO C CLASIFICA AL CAMPEONATO SUDAMERICANO DE KARATE, EN CARTAGENA DE INDIAS, COLOMBIA.<\/a><\/h3><div class=\"blog-link\"><a href=\"https:\/\/colegiolosreyes.cl\/sitio\/?post_type=post&p=8845\">m\u00e1s<\/a><\/div><\/div>\n                            <\/div>\n                        <\/div>\n                    <\/div><div class=\"blog-item\">\n\t\t\t\t\t\t<div class=\"blog-img\">\n                            <img decoding=\"async\" src=\"https:\/\/colegiolosreyes.cl\/sitio\/wp-content\/uploads\/2026\/04\/resized_IMG_1778-1-scaled.jpg\" alt=\"UNA INTERESANTE PROPUESTA DEL DEPARTAMENTO DE HISTORIA\" \/>\n                            <a href=\"https:\/\/colegiolosreyes.cl\/sitio\/?post_type=post&p=8805\" class=\"blog-link\"><i class=\"fa fa-link\"><\/i><\/a>\n                        <\/div>\n                        <div class=\"blog-content\">\n                            <div class=\"display-table\">\n                                <div class=\"display-table-cell\">\n                                \t<div class=\"blog-date\">\n                                \t\tabril 9, 2026\n                                \t<\/div>\n                                    <h3><a href=\"https:\/\/colegiolosreyes.cl\/sitio\/?post_type=post&p=8805\">UNA INTERESANTE PROPUESTA DEL DEPARTAMENTO DE HISTORIA<\/a><\/h3><div class=\"blog-link\"><a href=\"https:\/\/colegiolosreyes.cl\/sitio\/?post_type=post&p=8805\">m\u00e1s<\/a><\/div><\/div>\n                            <\/div>\n                        <\/div>\n                    <\/div><div class=\"blog-item\">\n\t\t\t\t\t\t<div class=\"blog-img\">\n                            <img decoding=\"async\" src=\"https:\/\/colegiolosreyes.cl\/sitio\/wp-content\/uploads\/2026\/04\/resized_WhatsApp-Image-2026-04-07-at-3.46.18-PM-1.jpg\" alt=\"ORGULLO TOTAL EN NUESTRA COMUNIDAD\" \/>\n                            <a href=\"https:\/\/colegiolosreyes.cl\/sitio\/?post_type=post&p=8798\" class=\"blog-link\"><i class=\"fa fa-link\"><\/i><\/a>\n                        <\/div>\n                        <div class=\"blog-content\">\n                            <div class=\"display-table\">\n                                <div class=\"display-table-cell\">\n                                \t<div class=\"blog-date\">\n                                \t\tabril 7, 2026\n                                \t<\/div>\n                                    <h3><a href=\"https:\/\/colegiolosreyes.cl\/sitio\/?post_type=post&p=8798\">ORGULLO TOTAL EN NUESTRA COMUNIDAD<\/a><\/h3><div class=\"blog-link\"><a href=\"https:\/\/colegiolosreyes.cl\/sitio\/?post_type=post&p=8798\">m\u00e1s<\/a><\/div><\/div>\n                            <\/div>\n                        <\/div>\n                    <\/div><div class=\"blog-item\">\n\t\t\t\t\t\t<div class=\"blog-img\">\n                            <img decoding=\"async\" src=\"https:\/\/colegiolosreyes.cl\/sitio\/wp-content\/uploads\/2026\/04\/IMG_2011-1-scaled.jpeg\" alt=\"CHANGE THE WORLD MODEL UNITED NATIONS\" \/>\n                            <a href=\"https:\/\/colegiolosreyes.cl\/sitio\/?post_type=post&p=8786\" class=\"blog-link\"><i class=\"fa fa-link\"><\/i><\/a>\n                        <\/div>\n                        <div class=\"blog-content\">\n                            <div class=\"display-table\">\n                                <div class=\"display-table-cell\">\n                                \t<div class=\"blog-date\">\n                                \t\tabril 7, 2026\n                                \t<\/div>\n                                    <h3><a href=\"https:\/\/colegiolosreyes.cl\/sitio\/?post_type=post&p=8786\">CHANGE THE WORLD MODEL UNITED NATIONS<\/a><\/h3><div class=\"blog-link\"><a href=\"https:\/\/colegiolosreyes.cl\/sitio\/?post_type=post&p=8786\">m\u00e1s<\/a><\/div><\/div>\n                            <\/div>\n                        <\/div>\n                    <\/div><div class=\"blog-item\">\n\t\t\t\t\t\t<div class=\"blog-img\">\n                            <img decoding=\"async\" src=\"https:\/\/colegiolosreyes.cl\/sitio\/wp-content\/uploads\/2025\/12\/licenciatura2025.jpg\" alt=\"LICENCIATURA DE CUARTOS MEDIOS 2025\" \/>\n                            <a href=\"https:\/\/colegiolosreyes.cl\/sitio\/?post_type=post&p=8602\" class=\"blog-link\"><i class=\"fa fa-link\"><\/i><\/a>\n                        <\/div>\n                        <div class=\"blog-content\">\n                            <div class=\"display-table\">\n                                <div class=\"display-table-cell\">\n                                \t<div class=\"blog-date\">\n                                \t\tdiciembre 2, 2025\n                                \t<\/div>\n                                    <h3><a href=\"https:\/\/colegiolosreyes.cl\/sitio\/?post_type=post&p=8602\">LICENCIATURA DE CUARTOS MEDIOS 2025<\/a><\/h3><div class=\"blog-link\"><a href=\"https:\/\/colegiolosreyes.cl\/sitio\/?post_type=post&p=8602\">m\u00e1s<\/a><\/div><\/div>\n                            <\/div>\n                        <\/div>\n                    <\/div><div class=\"blog-item\">\n\t\t\t\t\t\t<div class=\"blog-img\">\n                            <img decoding=\"async\" src=\"https:\/\/colegiolosreyes.cl\/sitio\/wp-content\/uploads\/2025\/12\/deporte-47.jpg\" alt=\"UNA CAMPA\u00d1A INCREIBLE JUEGOS DE PRIMAVERA DE LA COMUNA DE QUILPU\u00c9\" \/>\n                            <a href=\"https:\/\/colegiolosreyes.cl\/sitio\/?post_type=post&p=8567\" class=\"blog-link\"><i class=\"fa fa-link\"><\/i><\/a>\n                        <\/div>\n                        <div class=\"blog-content\">\n                            <div class=\"display-table\">\n                                <div class=\"display-table-cell\">\n                                \t<div class=\"blog-date\">\n                                \t\tdiciembre 1, 2025\n                                \t<\/div>\n                                    <h3><a href=\"https:\/\/colegiolosreyes.cl\/sitio\/?post_type=post&p=8567\">UNA CAMPA\u00d1A INCREIBLE JUEGOS DE PRIMAVERA DE LA COMUNA DE QUILPU\u00c9<\/a><\/h3><div class=\"blog-link\"><a href=\"https:\/\/colegiolosreyes.cl\/sitio\/?post_type=post&p=8567\">m\u00e1s<\/a><\/div><\/div>\n                            <\/div>\n                        <\/div>\n                    <\/div><div class=\"blog-item\">\n\t\t\t\t\t\t<div class=\"blog-img\">\n                            <img decoding=\"async\" src=\"https:\/\/colegiolosreyes.cl\/sitio\/wp-content\/uploads\/2025\/10\/IMG_9546.jpg\" alt=\"CONCIERTO DID\u00c1CTICO DE LA ORQUESTA LATINOAMERICANA DEL COLEGIO LOS REYES\" \/>\n                            <a href=\"https:\/\/colegiolosreyes.cl\/sitio\/?post_type=post&p=8416\" class=\"blog-link\"><i class=\"fa fa-link\"><\/i><\/a>\n                        <\/div>\n                        <div class=\"blog-content\">\n                            <div class=\"display-table\">\n                                <div class=\"display-table-cell\">\n                                \t<div class=\"blog-date\">\n                                \t\toctubre 1, 2025\n                                \t<\/div>\n                                    <h3><a href=\"https:\/\/colegiolosreyes.cl\/sitio\/?post_type=post&p=8416\">CONCIERTO DID\u00c1CTICO DE LA ORQUESTA LATINOAMERICANA DEL COLEGIO LOS REYES<\/a><\/h3><div class=\"blog-link\"><a href=\"https:\/\/colegiolosreyes.cl\/sitio\/?post_type=post&p=8416\">m\u00e1s<\/a><\/div><\/div>\n                            <\/div>\n                        <\/div>\n                    <\/div><div class=\"blog-item\">\n\t\t\t\t\t\t<div class=\"blog-img\">\n                            <img decoding=\"async\" src=\"https:\/\/colegiolosreyes.cl\/sitio\/wp-content\/uploads\/2025\/09\/debaTE3.jpg\" alt=\"DESTACADA PARTICIPACI\u00d3N DEL TALLER DE DEBATE EN TORNEO INTERESCOLAR ORGANIZADO POR LA UVM\" \/>\n                            <a href=\"https:\/\/colegiolosreyes.cl\/sitio\/?post_type=post&p=8363\" class=\"blog-link\"><i class=\"fa fa-link\"><\/i><\/a>\n                        <\/div>\n                        <div class=\"blog-content\">\n                            <div class=\"display-table\">\n                                <div class=\"display-table-cell\">\n                                \t<div class=\"blog-date\">\n                                \t\tseptiembre 3, 2025\n                                \t<\/div>\n                                    <h3><a href=\"https:\/\/colegiolosreyes.cl\/sitio\/?post_type=post&p=8363\">DESTACADA PARTICIPACI\u00d3N DEL TALLER DE DEBATE EN TORNEO INTERESCOLAR ORGANIZADO POR LA UVM<\/a><\/h3><div class=\"blog-link\"><a href=\"https:\/\/colegiolosreyes.cl\/sitio\/?post_type=post&p=8363\">m\u00e1s<\/a><\/div><\/div>\n                            <\/div>\n                        <\/div>\n                    <\/div><div class=\"blog-item\">\n\t\t\t\t\t\t<div class=\"blog-img\">\n                            <img decoding=\"async\" src=\"https:\/\/colegiolosreyes.cl\/sitio\/wp-content\/uploads\/2025\/09\/1000010804.jpg\" alt=\"UNA JORNADA M\u00c1GICA EN SEDE LUIS LARCO\" \/>\n                            <a href=\"https:\/\/colegiolosreyes.cl\/sitio\/?post_type=post&p=8348\" class=\"blog-link\"><i class=\"fa fa-link\"><\/i><\/a>\n                        <\/div>\n                        <div class=\"blog-content\">\n                            <div class=\"display-table\">\n                                <div class=\"display-table-cell\">\n                                \t<div class=\"blog-date\">\n                                \t\tseptiembre 1, 2025\n                                \t<\/div>\n                                    <h3><a href=\"https:\/\/colegiolosreyes.cl\/sitio\/?post_type=post&p=8348\">UNA JORNADA M\u00c1GICA EN SEDE LUIS LARCO<\/a><\/h3><div class=\"blog-link\"><a href=\"https:\/\/colegiolosreyes.cl\/sitio\/?post_type=post&p=8348\">m\u00e1s<\/a><\/div><\/div>\n                            <\/div>\n                        <\/div>\n                    <\/div><div class=\"blog-item\">\n\t\t\t\t\t\t<div class=\"blog-img\">\n                            <img decoding=\"async\" src=\"https:\/\/colegiolosreyes.cl\/sitio\/wp-content\/uploads\/2025\/08\/IMG_8834.jpg\" alt=\"ESTUDIANTE DE COLEGIO LOS REYES  PARTICIPA EN LOS JUEGOS PANAMERICANOS EN ASUNCI\u00d3N, PARAGUAY.\" \/>\n                            <a href=\"https:\/\/colegiolosreyes.cl\/sitio\/?post_type=post&p=8239\" class=\"blog-link\"><i class=\"fa fa-link\"><\/i><\/a>\n                        <\/div>\n                        <div class=\"blog-content\">\n                            <div class=\"display-table\">\n                                <div class=\"display-table-cell\">\n                                \t<div class=\"blog-date\">\n                                \t\tagosto 11, 2025\n                                \t<\/div>\n                                    <h3><a href=\"https:\/\/colegiolosreyes.cl\/sitio\/?post_type=post&p=8239\">ESTUDIANTE DE COLEGIO LOS REYES  PARTICIPA EN LOS JUEGOS PANAMERICANOS EN ASUNCI\u00d3N, PARAGUAY.<\/a><\/h3><div class=\"blog-link\"><a href=\"https:\/\/colegiolosreyes.cl\/sitio\/?post_type=post&p=8239\">m\u00e1s<\/a><\/div><\/div>\n                            <\/div>\n                        <\/div>\n                    <\/div><\/div>\n\t\t\t<\/div>[\/vc_tta_section][vc_tta_section i_icon_fontawesome=&#8221;fas fa-th-list&#8221; add_icon=&#8221;true&#8221; title=&#8221;LISTA DE \u00daTILES&#8221; tab_id=&#8221;1716992139414-b668888e-04a1&#8243;][vc_single_image image=&#8221;6979&#8243; img_size=&#8221;full&#8221; style=&#8221;vc_box_border&#8221; onclick=&#8221;custom_link&#8221; css_animation=&#8221;bounceIn&#8221; css=&#8221;&#8221; link=&#8221;https:\/\/colegiolosreyes.cl\/sitio\/lista-de-utiles\/sede-luis-larco\/&#8221;][\/vc_tta_section][vc_tta_section i_icon_fontawesome=&#8221;fas fa-chalkboard-teacher&#8221; add_icon=&#8221;true&#8221; title=&#8221;ATENCI\u00d3N DE PROFESORES&#8221; tab_id=&#8221;1717366654439-8fd85164-bcb8&#8243;][vc_single_image image=&#8221;7257&#8243; img_size=&#8221;full&#8221; style=&#8221;vc_box_border&#8221; onclick=&#8221;custom_link&#8221; css_animation=&#8221;bounceIn&#8221; css=&#8221;&#8221; link=&#8221;https:\/\/colegiolosreyes.cl\/sitio\/atencion-de-profesores\/sede-luis-larco\/&#8221;][\/vc_tta_section][vc_tta_section i_icon_fontawesome=&#8221;far fa-grin-beam&#8221; add_icon=&#8221;true&#8221; title=&#8221;ALIANZA FAMILIA-COLEGIO&#8221; tab_id=&#8221;1716992251288-665b366a-575d&#8221;][vc_column_text css=&#8221;&#8221;]<\/p>\n<p style=\"text-align: justify;\"><strong>Formando buenos estudiantes y buenas personas <\/strong><strong>para un Chile mejor<\/strong><\/p>\n<p style=\"text-align: justify;\"><strong>ALIANZA FAMILIA-COLEGIO<\/strong><\/p>\n<p style=\"text-align: justify;\">Los equipos directivos, docentes y profesionales de apoyo tenemos el desaf\u00edo de fortalecer la interacci\u00f3n permanente entre los diversos actores que componen nuestra comunidad en un ambiente de convivencia que reconozca y valore sus semejanzas y diferencias.<\/p>\n<p style=\"text-align: justify;\">Entendemos que la convivencia es responsabilidad de todos los miembros y estamentos de la comunidad educativa, pero no hay duda que la familia es uno de los estamentos imprescindibles de incorporar activamente para trabajar mancomunadamente con ella.<\/p>\n<p style=\"text-align: justify;\">Para avanzar en esa direcci\u00f3n, las y los profesionales de Orientaci\u00f3n y de Psicolog\u00eda dispondr\u00e1n de un espacio en la p\u00e1gina web del colegio para dar a conocer temas de inter\u00e9s para las familias, tales como deberes y derechos de ni\u00f1as, ni\u00f1os y adolescentes, as\u00ed como tambi\u00e9n el abordaje de temas que, a trav\u00e9s de diversos textos y videos, esperamos puedan contribuir al mejor desarrollo de conductas positivas como el respeto, la honestidad, la autonom\u00eda y el autoconocimiento.<\/p>\n<p><strong>&#8220;Derechos de Ni\u00f1as, Ni\u00f1os y Adolescentes: Nuestra Responsabilidad como Adultos&#8221;<\/strong><\/p>\n<p>&nbsp;<\/p>\n<p>Existen derechos fundamentales de nuestras ni\u00f1as, ni\u00f1os y adolescentes, los cuales debemos conocer y comprender c\u00f3mo su incumplimiento representa una vulneraci\u00f3n que todos debemos prevenir.<\/p>\n<p>Como adultos, tenemos el deber de ser garantes de su protecci\u00f3n y bienestar. \u00a1Inf\u00f3rmate y act\u00faa para garantizar un futuro mejor para ellos!<\/p>\n<p>&nbsp;<\/p>\n<p><iframe loading=\"lazy\" title=\"&quot;Derechos de Ni\u00f1as, Ni\u00f1os y Adolescentes: Nuestra Responsabilidad como Adultos&quot;\" width=\"640\" height=\"360\" src=\"https:\/\/www.youtube.com\/embed\/8qqUoCqhb5k?feature=oembed\" frameborder=\"0\" allow=\"accelerometer; autoplay; clipboard-write; encrypted-media; gyroscope; picture-in-picture; web-share\" referrerpolicy=\"strict-origin-when-cross-origin\" allowfullscreen><\/iframe><\/p>\n<p>&nbsp;<\/p>\n<p><strong>Deberes y Derechos de los apoderados<\/strong><\/p>\n<p>Continuamos generando espacios de acercamiento con las familias, esta vez a trav\u00e9s del video que nos informa sobre los Deberes y Derechos de los apoderados de nuestro colegio.<\/p>\n<p>Agradecemos la colaboraci\u00f3n de nuestros estudiantes, asistentes y equipo directivo por la participaci\u00f3n en el video.<\/p>\n<p>&nbsp;<\/p>\n<p>https:\/\/www.youtube.com\/watch?v=coVaJaAYfew[\/vc_column_text][\/vc_tta_section][\/vc_tta_tabs][\/vc_column][\/vc_row]<\/p>\n<\/div>","protected":false},"excerpt":{"rendered":"<p>[vc_row][vc_column width=&#8221;1\/4&#8243;][vc_custom_heading text=&#8221;Info de Contacto Sede Luis Larco:&#8221; font_container=&#8221;tag:h2|text_align:left|color:%23dd3333&#8243; css=&#8221;&#8221;][vc_separator color=&#8221;white&#8221; css=&#8221;&#8221;][vc_single_image image=&#8221;7226&#8243; img_size=&#8221;full&#8221; onclick=&#8221;custom_link&#8221; img_link_target=&#8221;_blank&#8221; css_animation=&#8221;fadeIn&#8221; css=&#8221;&#8221; link=&#8221;https:\/\/www.instagram.com\/colegiolosreyessedeluislarco\/?utm_source=ig_web_button_share_sheet&amp;amp%3Bigsh=ZDN&#8221;][\/vc_column][vc_column width=&#8221;3\/4&#8243;][vc_single_image image=&#8221;7043&#8243; img_size=&#8221;full&#8221; alignment=&#8221;center&#8221; style=&#8221;vc_box_border&#8221; onclick=&#8221;link_image&#8221; css_animation=&#8221;bounceIn&#8221; css=&#8221;&#8221;][\/vc_column][\/vc_row][vc_row][vc_column][vc_separator css=&#8221;&#8221;][vc_tta_tabs&#8230;<\/p>\n","protected":false},"author":1,"featured_media":0,"parent":0,"menu_order":0,"comment_status":"closed","ping_status":"closed","template":"","meta":{"footnotes":"","_links_to":"","_links_to_target":""},"class_list":["post-6952","page","type-page","status-publish","hentry"],"_links":{"self":[{"href":"https:\/\/colegiolosreyes.cl\/sitio\/wp-json\/wp\/v2\/pages\/6952","targetHints":{"allow":["GET"]}}],"collection":[{"href":"https:\/\/colegiolosreyes.cl\/sitio\/wp-json\/wp\/v2\/pages"}],"about":[{"href":"https:\/\/colegiolosreyes.cl\/sitio\/wp-json\/wp\/v2\/types\/page"}],"author":[{"embeddable":true,"href":"https:\/\/colegiolosreyes.cl\/sitio\/wp-json\/wp\/v2\/users\/1"}],"replies":[{"embeddable":true,"href":"https:\/\/colegiolosreyes.cl\/sitio\/wp-json\/wp\/v2\/comments?post=6952"}],"version-history":[{"count":66,"href":"https:\/\/colegiolosreyes.cl\/sitio\/wp-json\/wp\/v2\/pages\/6952\/revisions"}],"predecessor-version":[{"id":8381,"href":"https:\/\/colegiolosreyes.cl\/sitio\/wp-json\/wp\/v2\/pages\/6952\/revisions\/8381"}],"wp:attachment":[{"href":"https:\/\/colegiolosreyes.cl\/sitio\/wp-json\/wp\/v2\/media?parent=6952"}],"curies":[{"name":"wp","href":"https:\/\/api.w.org\/{rel}","templated":true}]}}