{"id":6950,"date":"2024-05-29T13:41:33","date_gmt":"2024-05-29T13:41:33","guid":{"rendered":"https:\/\/colegiolosreyes.cl\/sitio\/?page_id=6950"},"modified":"2025-09-04T20:59:09","modified_gmt":"2025-09-04T20:59:09","slug":"sede-el-sauce","status":"publish","type":"page","link":"https:\/\/colegiolosreyes.cl\/sitio\/sede-el-sauce\/","title":{"rendered":"SEDE EL SAUCE"},"content":{"rendered":"<div class=\"wpb-content-wrapper\"><p>[vc_row][vc_column width=&#8221;1\/4&#8243;][vc_custom_heading text=&#8221;Info de Contacto Sede El Sauce:&#8221; font_container=&#8221;tag:h2|text_align:left|color:%23dd3333&#8243; css=&#8221;&#8221;]\n\t\t<div class=\"rs-contact\">\n       <div class=\"contact-address  \"><div class=\"address-item\">\n\t\t\t\t<div class=\"address-icon\">\n\t\t\t\t\t<i class=\"fa fa-phone\"><\/i>\n\t\t\t\t<\/div>\n\t\t\t\t<div class=\"address-text\">\n\t\t\t\t\t652757440 <br>\n\t\t\t\t\t\n\t\t\t\t<\/div>\n\t\t\t<\/div><div class=\"address-item\">\n\t\t\t\t<div class=\"address-icon\">\n\t\t\t\t\t<i class=\"fa fa-envelope-o\"><\/i>\n\t\t\t\t<\/div>\n\t\t\t\t<div class=\"address-text\">\n\t\t\t\t\tinfo@colegiolosreyes.cl <br>\n\t\t\t\t\t\n\t\t\t\t<\/div>\n\t\t\t<\/div><div class=\"address-item\">\n\t\t\t\t<div class=\"address-icon\">\n\t\t\t\t\t<i class=\"fa fa-map-marker\"><\/i>\n\t\t\t\t<\/div>\n\t\t\t\t<div class=\"address-text\">\n\t\t\t\t\tEl Ocaso 651 &#8211; Quilpu\u00e9\n\t\t\t\t<\/div>\n\t\t\t<\/div>\n\t\t<\/div>\n\t\t<\/div>[vc_separator color=&#8221;white&#8221; css=&#8221;&#8221;][vc_single_image image=&#8221;7226&#8243; img_size=&#8221;full&#8221; onclick=&#8221;custom_link&#8221; img_link_target=&#8221;_blank&#8221; css_animation=&#8221;fadeIn&#8221; css=&#8221;&#8221; link=&#8221;https:\/\/www.instagram.com\/saucito_clr\/?utm_source=ig_web_button_share_sheet&amp;amp%3Bigsh=ZDNlZDc0MzIxNw%3D%3D&#8221;][\/vc_column][vc_column width=&#8221;3\/4&#8243;][vc_single_image image=&#8221;7040&#8243; img_size=&#8221;full&#8221; alignment=&#8221;center&#8221; style=&#8221;vc_box_border&#8221; css_animation=&#8221;bounceIn&#8221; css=&#8221;&#8221;][\/vc_column][\/vc_row][vc_row][vc_column][vc_separator css=&#8221;&#8221;][vc_tta_tabs style=&#8221;modern&#8221; color=&#8221;juicy-pink&#8221; active_section=&#8221;234&#8243;][vc_tta_section i_icon_fontawesome=&#8221;fas fa-sitemap&#8221; add_icon=&#8221;true&#8221; title=&#8221;\u00c1REAS ACAD. Y ADMIN.&#8221; tab_id=&#8221;1716992286773-1b575630-792c&#8221;][vc_single_image image=&#8221;7255&#8243; img_size=&#8221;full&#8221; style=&#8221;vc_box_border&#8221; onclick=&#8221;custom_link&#8221; css_animation=&#8221;bounceIn&#8221; css=&#8221;&#8221; link=&#8221;https:\/\/colegiolosreyes.cl\/sitio\/organizacion-institucional\/areas-academica-y-administrativa\/sede-el-sauce\/&#8221;][\/vc_tta_section][vc_tta_section i_icon_fontawesome=&#8221;fas fa-bell&#8221; add_icon=&#8221;true&#8221; title=&#8221;NOTICIAS&#8221; tab_id=&#8221;1716992139407-610dd466-2737&#8243;]<div class=\"rs-blog home-blog-area \">\n\t\t<div class=\"blog-carousel blog-slider owl-carousel owl-navigation-yes\" data-carousel-options=\"{&quot;nav&quot;:false,&quot;navText&quot;:[&quot;&lt;i class=&#039;fa fa-angle-left&#039;&gt;&lt;\\\/i&gt;&quot;,&quot;&lt;i class=&#039;fa fa-angle-right&#039;&gt;&lt;\\\/i&gt;&quot;],&quot;dots&quot;:true,&quot;autoplay&quot;:true,&quot;autoplayTimeout&quot;:&quot;5000&quot;,&quot;stagePadding&quot;:0,&quot;autoplaySpeed&quot;:&quot;200&quot;,&quot;autoplayHoverPause&quot;:true,&quot;loop&quot;:true,&quot;margin&quot;:20,&quot;items&quot;:3,&quot;responsive&quot;:{&quot;0&quot;:{&quot;items&quot;:&quot;1&quot;},&quot;480&quot;:{&quot;items&quot;:&quot;2&quot;},&quot;768&quot;:{&quot;items&quot;:&quot;3&quot;},&quot;992&quot;:{&quot;items&quot;:&quot;3&quot;},&quot;1200&quot;:{&quot;items&quot;:&quot;3&quot;}}}\"><div class=\"blog-item\">\n\t\t\t\t\t\t<div class=\"blog-img\">\n                            <img decoding=\"async\" src=\"https:\/\/colegiolosreyes.cl\/sitio\/wp-content\/uploads\/2026\/03\/resized_inicio-ano-escolar-Sed-El-Sauce-foto-5.jpg\" alt=\"SE INICIA UN NUEVO A\u00d1O ESCOLAR EN SEDE EL SAUCE\" \/>\n                            <a href=\"https:\/\/colegiolosreyes.cl\/sitio\/?post_type=post&p=8764\" class=\"blog-link\"><i class=\"fa fa-link\"><\/i><\/a>\n                        <\/div>\n                        <div class=\"blog-content\">\n                            <div class=\"display-table\">\n                                <div class=\"display-table-cell\">\n                                \t<div class=\"blog-date\">\n                                \t\tmarzo 27, 2026\n                                \t<\/div>\n                                    <h3><a href=\"https:\/\/colegiolosreyes.cl\/sitio\/?post_type=post&p=8764\">SE INICIA UN NUEVO A\u00d1O ESCOLAR EN SEDE EL SAUCE<\/a><\/h3><div class=\"blog-link\"><a href=\"https:\/\/colegiolosreyes.cl\/sitio\/?post_type=post&p=8764\">m\u00e1s<\/a><\/div><\/div>\n                            <\/div>\n                        <\/div>\n                    <\/div><div class=\"blog-item\">\n\t\t\t\t\t\t<div class=\"blog-img\">\n                            <img decoding=\"async\" src=\"https:\/\/colegiolosreyes.cl\/sitio\/wp-content\/uploads\/2025\/12\/resized_Olimpiadas-MATEMATICA-foto-8.jpg\" alt=\"OLIMPIADAS DE MATEM\u00c1TICAS EN SEDE EL SAUCE\" \/>\n                            <a href=\"https:\/\/colegiolosreyes.cl\/sitio\/?post_type=post&p=8691\" class=\"blog-link\"><i class=\"fa fa-link\"><\/i><\/a>\n                        <\/div>\n                        <div class=\"blog-content\">\n                            <div class=\"display-table\">\n                                <div class=\"display-table-cell\">\n                                \t<div class=\"blog-date\">\n                                \t\tdiciembre 2, 2025\n                                \t<\/div>\n                                    <h3><a href=\"https:\/\/colegiolosreyes.cl\/sitio\/?post_type=post&p=8691\">OLIMPIADAS DE MATEM\u00c1TICAS EN SEDE EL SAUCE<\/a><\/h3><div class=\"blog-link\"><a href=\"https:\/\/colegiolosreyes.cl\/sitio\/?post_type=post&p=8691\">m\u00e1s<\/a><\/div><\/div>\n                            <\/div>\n                        <\/div>\n                    <\/div><div class=\"blog-item\">\n\t\t\t\t\t\t<div class=\"blog-img\">\n                            <img decoding=\"async\" src=\"https:\/\/colegiolosreyes.cl\/sitio\/wp-content\/uploads\/2025\/11\/taller-de-danza-presentacion-foto-1.jpg\" alt=\"DESTACADA PRESENTACI\u00d3N DEL TALLER DE DANZA EN SEDE EL SAUCE\" \/>\n                            <a href=\"https:\/\/colegiolosreyes.cl\/sitio\/?post_type=post&p=8543\" class=\"blog-link\"><i class=\"fa fa-link\"><\/i><\/a>\n                        <\/div>\n                        <div class=\"blog-content\">\n                            <div class=\"display-table\">\n                                <div class=\"display-table-cell\">\n                                \t<div class=\"blog-date\">\n                                \t\tnoviembre 25, 2025\n                                \t<\/div>\n                                    <h3><a href=\"https:\/\/colegiolosreyes.cl\/sitio\/?post_type=post&p=8543\">DESTACADA PRESENTACI\u00d3N DEL TALLER DE DANZA EN SEDE EL SAUCE<\/a><\/h3><div class=\"blog-link\"><a href=\"https:\/\/colegiolosreyes.cl\/sitio\/?post_type=post&p=8543\">m\u00e1s<\/a><\/div><\/div>\n                            <\/div>\n                        <\/div>\n                    <\/div><div class=\"blog-item\">\n\t\t\t\t\t\t<div class=\"blog-img\">\n                            <img decoding=\"async\" src=\"https:\/\/colegiolosreyes.cl\/sitio\/wp-content\/uploads\/2025\/11\/salida-pedagogica-6-basicos-foto-1.jpg\" alt=\"ESTUDIANTES DE SEXTO B\u00c1SICO DE SEDE EL SAUCE VISITAN ACUARIO VIVA MAR\" \/>\n                            <a href=\"https:\/\/colegiolosreyes.cl\/sitio\/?post_type=post&p=8527\" class=\"blog-link\"><i class=\"fa fa-link\"><\/i><\/a>\n                        <\/div>\n                        <div class=\"blog-content\">\n                            <div class=\"display-table\">\n                                <div class=\"display-table-cell\">\n                                \t<div class=\"blog-date\">\n                                \t\tnoviembre 18, 2025\n                                \t<\/div>\n                                    <h3><a href=\"https:\/\/colegiolosreyes.cl\/sitio\/?post_type=post&p=8527\">ESTUDIANTES DE SEXTO B\u00c1SICO DE SEDE EL SAUCE VISITAN ACUARIO VIVA MAR<\/a><\/h3><div class=\"blog-link\"><a href=\"https:\/\/colegiolosreyes.cl\/sitio\/?post_type=post&p=8527\">m\u00e1s<\/a><\/div><\/div>\n                            <\/div>\n                        <\/div>\n                    <\/div><div class=\"blog-item\">\n\t\t\t\t\t\t<div class=\"blog-img\">\n                            <img decoding=\"async\" src=\"https:\/\/colegiolosreyes.cl\/sitio\/wp-content\/uploads\/2025\/11\/resized_feria-de-ciencias-foto-1.jpg\" alt=\"CELEBRAMOS LA QUINTA FERIA DE CIENCIAS EN SEDE EL SAUCE\" \/>\n                            <a href=\"https:\/\/colegiolosreyes.cl\/sitio\/?post_type=post&p=8514\" class=\"blog-link\"><i class=\"fa fa-link\"><\/i><\/a>\n                        <\/div>\n                        <div class=\"blog-content\">\n                            <div class=\"display-table\">\n                                <div class=\"display-table-cell\">\n                                \t<div class=\"blog-date\">\n                                \t\tnoviembre 4, 2025\n                                \t<\/div>\n                                    <h3><a href=\"https:\/\/colegiolosreyes.cl\/sitio\/?post_type=post&p=8514\">CELEBRAMOS LA QUINTA FERIA DE CIENCIAS EN SEDE EL SAUCE<\/a><\/h3><div class=\"blog-link\"><a href=\"https:\/\/colegiolosreyes.cl\/sitio\/?post_type=post&p=8514\">m\u00e1s<\/a><\/div><\/div>\n                            <\/div>\n                        <\/div>\n                    <\/div><div class=\"blog-item\">\n\t\t\t\t\t\t<div class=\"blog-img\">\n                            <img decoding=\"async\" src=\"https:\/\/colegiolosreyes.cl\/sitio\/wp-content\/uploads\/2025\/10\/Atletas-sede-el-sauce-foto-1.jpeg\" alt=\"PEQUE\u00d1OS GRANDES ATLETAS\" \/>\n                            <a href=\"https:\/\/colegiolosreyes.cl\/sitio\/?post_type=post&p=8492\" class=\"blog-link\"><i class=\"fa fa-link\"><\/i><\/a>\n                        <\/div>\n                        <div class=\"blog-content\">\n                            <div class=\"display-table\">\n                                <div class=\"display-table-cell\">\n                                \t<div class=\"blog-date\">\n                                \t\toctubre 29, 2025\n                                \t<\/div>\n                                    <h3><a href=\"https:\/\/colegiolosreyes.cl\/sitio\/?post_type=post&p=8492\">PEQUE\u00d1OS GRANDES ATLETAS<\/a><\/h3><div class=\"blog-link\"><a href=\"https:\/\/colegiolosreyes.cl\/sitio\/?post_type=post&p=8492\">m\u00e1s<\/a><\/div><\/div>\n                            <\/div>\n                        <\/div>\n                    <\/div><div class=\"blog-item\">\n\t\t\t\t\t\t<div class=\"blog-img\">\n                            <img decoding=\"async\" src=\"https:\/\/colegiolosreyes.cl\/sitio\/wp-content\/uploads\/2025\/10\/resized_dia-del-maestro-foto-10.jpg\" alt=\"CELEBRACI\u00d3N DEL D\u00cdA DEL PROFESOR EN SEDE EL SAUCE\" \/>\n                            <a href=\"https:\/\/colegiolosreyes.cl\/sitio\/?post_type=post&p=8477\" class=\"blog-link\"><i class=\"fa fa-link\"><\/i><\/a>\n                        <\/div>\n                        <div class=\"blog-content\">\n                            <div class=\"display-table\">\n                                <div class=\"display-table-cell\">\n                                \t<div class=\"blog-date\">\n                                \t\toctubre 21, 2025\n                                \t<\/div>\n                                    <h3><a href=\"https:\/\/colegiolosreyes.cl\/sitio\/?post_type=post&p=8477\">CELEBRACI\u00d3N DEL D\u00cdA DEL PROFESOR EN SEDE EL SAUCE<\/a><\/h3><div class=\"blog-link\"><a href=\"https:\/\/colegiolosreyes.cl\/sitio\/?post_type=post&p=8477\">m\u00e1s<\/a><\/div><\/div>\n                            <\/div>\n                        <\/div>\n                    <\/div><div class=\"blog-item\">\n\t\t\t\t\t\t<div class=\"blog-img\">\n                            <img decoding=\"async\" src=\"https:\/\/colegiolosreyes.cl\/sitio\/wp-content\/uploads\/2025\/10\/Deportista-destacado-FOTO-1.jpg\" alt=\"FELICITAMOS AL ESTUDIANTE  ANDR\u00c9S CUEVAS POR DESTACADO LOGRO DEPORTIVO\" \/>\n                            <a href=\"https:\/\/colegiolosreyes.cl\/sitio\/?post_type=post&p=8473\" class=\"blog-link\"><i class=\"fa fa-link\"><\/i><\/a>\n                        <\/div>\n                        <div class=\"blog-content\">\n                            <div class=\"display-table\">\n                                <div class=\"display-table-cell\">\n                                \t<div class=\"blog-date\">\n                                \t\toctubre 21, 2025\n                                \t<\/div>\n                                    <h3><a href=\"https:\/\/colegiolosreyes.cl\/sitio\/?post_type=post&p=8473\">FELICITAMOS AL ESTUDIANTE  ANDR\u00c9S CUEVAS POR DESTACADO LOGRO DEPORTIVO<\/a><\/h3><div class=\"blog-link\"><a href=\"https:\/\/colegiolosreyes.cl\/sitio\/?post_type=post&p=8473\">m\u00e1s<\/a><\/div><\/div>\n                            <\/div>\n                        <\/div>\n                    <\/div><div class=\"blog-item\">\n\t\t\t\t\t\t<div class=\"blog-img\">\n                            <img decoding=\"async\" src=\"https:\/\/colegiolosreyes.cl\/sitio\/wp-content\/uploads\/2025\/10\/resized_concierto-primavera-foto-1-scaled.jpg\" alt=\"CONCIERTO DE PRIMAVERA  Una tarde llena de m\u00fasica y alegr\u00eda\" \/>\n                            <a href=\"https:\/\/colegiolosreyes.cl\/sitio\/?post_type=post&p=8437\" class=\"blog-link\"><i class=\"fa fa-link\"><\/i><\/a>\n                        <\/div>\n                        <div class=\"blog-content\">\n                            <div class=\"display-table\">\n                                <div class=\"display-table-cell\">\n                                \t<div class=\"blog-date\">\n                                \t\toctubre 17, 2025\n                                \t<\/div>\n                                    <h3><a href=\"https:\/\/colegiolosreyes.cl\/sitio\/?post_type=post&p=8437\">CONCIERTO DE PRIMAVERA  Una tarde llena de m\u00fasica y alegr\u00eda<\/a><\/h3><div class=\"blog-link\"><a href=\"https:\/\/colegiolosreyes.cl\/sitio\/?post_type=post&p=8437\">m\u00e1s<\/a><\/div><\/div>\n                            <\/div>\n                        <\/div>\n                    <\/div><div class=\"blog-item\">\n\t\t\t\t\t\t<div class=\"blog-img\">\n                            <img decoding=\"async\" src=\"https:\/\/colegiolosreyes.cl\/sitio\/wp-content\/uploads\/2025\/10\/resized_dia-de-la-asistente-de-la-educacion-foto-1.jpg\" alt=\"EMOTIVO HOMENAJE A NUESTROS  ASISTENTES DE LA EDUCACI\u00d3N\" \/>\n                            <a href=\"https:\/\/colegiolosreyes.cl\/sitio\/?post_type=post&p=8425\" class=\"blog-link\"><i class=\"fa fa-link\"><\/i><\/a>\n                        <\/div>\n                        <div class=\"blog-content\">\n                            <div class=\"display-table\">\n                                <div class=\"display-table-cell\">\n                                \t<div class=\"blog-date\">\n                                \t\toctubre 17, 2025\n                                \t<\/div>\n                                    <h3><a href=\"https:\/\/colegiolosreyes.cl\/sitio\/?post_type=post&p=8425\">EMOTIVO HOMENAJE A NUESTROS  ASISTENTES DE LA EDUCACI\u00d3N<\/a><\/h3><div class=\"blog-link\"><a href=\"https:\/\/colegiolosreyes.cl\/sitio\/?post_type=post&p=8425\">m\u00e1s<\/a><\/div><\/div>\n                            <\/div>\n                        <\/div>\n                    <\/div><\/div>\n\t\t\t<\/div>[\/vc_tta_section][vc_tta_section i_icon_fontawesome=&#8221;fas fa-th-list&#8221; add_icon=&#8221;true&#8221; title=&#8221;LISTA DE \u00daTILES&#8221; tab_id=&#8221;1716992139414-b668888e-04a1&#8243;][vc_single_image image=&#8221;6979&#8243; img_size=&#8221;full&#8221; style=&#8221;vc_box_border&#8221; onclick=&#8221;custom_link&#8221; css_animation=&#8221;bounceIn&#8221; css=&#8221;&#8221; link=&#8221;https:\/\/colegiolosreyes.cl\/sitio\/lista-de-utiles\/sede-el-sauce\/&#8221;][\/vc_tta_section][vc_tta_section i_icon_fontawesome=&#8221;fas fa-chalkboard-teacher&#8221; add_icon=&#8221;true&#8221; title=&#8221;ATENCI\u00d3N DE PROFESORES&#8221; tab_id=&#8221;1717366654439-8fd85164-bcb8&#8243;][vc_single_image image=&#8221;7257&#8243; img_size=&#8221;full&#8221; style=&#8221;vc_box_border&#8221; onclick=&#8221;custom_link&#8221; css_animation=&#8221;bounceIn&#8221; css=&#8221;&#8221; link=&#8221;https:\/\/colegiolosreyes.cl\/sitio\/atencion-de-profesores\/sede-el-sauce\/&#8221;][\/vc_tta_section][vc_tta_section i_icon_fontawesome=&#8221;far fa-smile&#8221; add_icon=&#8221;true&#8221; title=&#8221;ALIANZA FAMILIA-COLEGIO&#8221; tab_id=&#8221;1716992251288-665b366a-575d&#8221;][vc_column_text css=&#8221;&#8221;]<\/p>\n<p style=\"text-align: justify;\"><strong>Formando buenos estudiantes y buenas personas <\/strong><strong>para un Chile mejor<\/strong><\/p>\n<p style=\"text-align: justify;\"><strong>ALIANZA FAMILIA-COLEGIO<\/strong><\/p>\n<p style=\"text-align: justify;\">Los equipos directivos, docentes y profesionales de apoyo tenemos el desaf\u00edo de fortalecer la interacci\u00f3n permanente entre los diversos actores que componen nuestra comunidad en un ambiente de convivencia que reconozca y valore sus semejanzas y diferencias.<\/p>\n<p style=\"text-align: justify;\">Entendemos que la convivencia es responsabilidad de todos los miembros y estamentos de la comunidad educativa, pero no hay duda que la familia es uno de los estamentos imprescindibles de incorporar activamente para trabajar mancomunadamente con ella.<\/p>\n<p style=\"text-align: justify;\">Para avanzar en esa direcci\u00f3n, las y los profesionales de Orientaci\u00f3n y de Psicolog\u00eda dispondr\u00e1n de un espacio en la p\u00e1gina web del colegio para dar a conocer temas de inter\u00e9s para las familias, tales como deberes y derechos de ni\u00f1as, ni\u00f1os y adolescentes, as\u00ed como tambi\u00e9n el abordaje de temas que, a trav\u00e9s de diversos textos y videos, esperamos puedan contribuir al mejor desarrollo de conductas positivas como el respeto, la honestidad, la autonom\u00eda y el autoconocimiento.<\/p>\n<ul>\n<li><a href=\"https:\/\/colegiolosreyes.cl\/sitio\/wp-content\/uploads\/2024\/08\/Derechos-de-los-nin\u0303os-y-nin\u0303as.jpg\" target=\"_blank\" rel=\"noopener\"><strong>ESTOS SON MIS DERECHOS<\/strong><\/a><\/li>\n<li><a href=\"https:\/\/colegiolosreyes.cl\/sitio\/wp-content\/uploads\/2024\/08\/Derechos-de-los-padres-y-apoderados-CLR.pdf\" target=\"_blank\" rel=\"noopener\"><strong>SOBRE LOS DERECHOS DE LOS PADRES Y APODERADOS<\/strong><\/a><\/li>\n<\/ul>\n<p><iframe loading=\"lazy\" title=\"YouTube video player\" src=\"https:\/\/www.youtube.com\/embed\/Rejw27A2U9A?si=Mvw1YAVAJIErFV77\" width=\"500\" height=\"450\" frameborder=\"0\" allowfullscreen=\"allowfullscreen\"><\/iframe>[\/vc_column_text][\/vc_tta_section][\/vc_tta_tabs][\/vc_column][\/vc_row]<\/p>\n<\/div>","protected":false},"excerpt":{"rendered":"<p>[vc_row][vc_column width=&#8221;1\/4&#8243;][vc_custom_heading text=&#8221;Info de Contacto Sede El Sauce:&#8221; font_container=&#8221;tag:h2|text_align:left|color:%23dd3333&#8243; css=&#8221;&#8221;][vc_separator color=&#8221;white&#8221; css=&#8221;&#8221;][vc_single_image image=&#8221;7226&#8243; img_size=&#8221;full&#8221; onclick=&#8221;custom_link&#8221; img_link_target=&#8221;_blank&#8221; css_animation=&#8221;fadeIn&#8221; css=&#8221;&#8221; link=&#8221;https:\/\/www.instagram.com\/saucito_clr\/?utm_source=ig_web_button_share_sheet&amp;amp%3Bigsh=ZDNlZDc0MzIxNw%3D%3D&#8221;][\/vc_column][vc_column width=&#8221;3\/4&#8243;][vc_single_image image=&#8221;7040&#8243; img_size=&#8221;full&#8221; alignment=&#8221;center&#8221; style=&#8221;vc_box_border&#8221; css_animation=&#8221;bounceIn&#8221; css=&#8221;&#8221;][\/vc_column][\/vc_row][vc_row][vc_column][vc_separator css=&#8221;&#8221;][vc_tta_tabs style=&#8221;modern&#8221;&#8230;<\/p>\n","protected":false},"author":1,"featured_media":0,"parent":0,"menu_order":0,"comment_status":"closed","ping_status":"closed","template":"","meta":{"footnotes":"","_links_to":"","_links_to_target":""},"class_list":["post-6950","page","type-page","status-publish","hentry"],"_links":{"self":[{"href":"https:\/\/colegiolosreyes.cl\/sitio\/wp-json\/wp\/v2\/pages\/6950","targetHints":{"allow":["GET"]}}],"collection":[{"href":"https:\/\/colegiolosreyes.cl\/sitio\/wp-json\/wp\/v2\/pages"}],"about":[{"href":"https:\/\/colegiolosreyes.cl\/sitio\/wp-json\/wp\/v2\/types\/page"}],"author":[{"embeddable":true,"href":"https:\/\/colegiolosreyes.cl\/sitio\/wp-json\/wp\/v2\/users\/1"}],"replies":[{"embeddable":true,"href":"https:\/\/colegiolosreyes.cl\/sitio\/wp-json\/wp\/v2\/comments?post=6950"}],"version-history":[{"count":21,"href":"https:\/\/colegiolosreyes.cl\/sitio\/wp-json\/wp\/v2\/pages\/6950\/revisions"}],"predecessor-version":[{"id":8382,"href":"https:\/\/colegiolosreyes.cl\/sitio\/wp-json\/wp\/v2\/pages\/6950\/revisions\/8382"}],"wp:attachment":[{"href":"https:\/\/colegiolosreyes.cl\/sitio\/wp-json\/wp\/v2\/media?parent=6950"}],"curies":[{"name":"wp","href":"https:\/\/api.w.org\/{rel}","templated":true}]}}