{"id":6894,"date":"2024-05-29T00:10:12","date_gmt":"2024-05-29T00:10:12","guid":{"rendered":"https:\/\/colegiolosreyes.cl\/sitio\/?page_id=6894"},"modified":"2025-04-30T14:18:20","modified_gmt":"2025-04-30T14:18:20","slug":"sede-luis-larco","status":"publish","type":"page","link":"https:\/\/colegiolosreyes.cl\/sitio\/organizacion-institucional\/areas-academica-y-administrativa\/sede-luis-larco\/","title":{"rendered":"SEDE LUIS LARCO"},"content":{"rendered":"<div class=\"wpb-content-wrapper\"><p>[vc_row][vc_column][vc_custom_heading text=&#8221;AREA DOCENTE Y ADMINISTRATIVA 2025 SEDE LUIS LARCO&#8221; font_container=&#8221;tag:h2|text_align:left|color:%23dd3333&#8243; css=&#8221;&#8221;][\/vc_column][\/vc_row][vc_row][vc_column][vc_column_text css=&#8221;&#8221;]<\/p>\n<h4><strong>PLANTA ADMINISTRATIVA:<\/strong><\/h4>\n<table width=\"100%\">\n<tbody>\n<tr>\n<td width=\"39%\"><strong>NOMBRE<\/strong><\/td>\n<td width=\"60%\"><strong>CARGO<\/strong><\/td>\n<\/tr>\n<tr>\n<td width=\"39%\">Jaime Baeza Zet<\/td>\n<td width=\"60%\">Presidente y Administrador de la Corporaci\u00f3n Educacional Colegio Los Reyes de Quilpu\u00e9.<\/td>\n<\/tr>\n<tr>\n<td width=\"39%\">Jessica Jaramillo C\u00e9spedes<\/td>\n<td width=\"60%\">Jefa Administrativa de Colegio y Finanzas<\/td>\n<\/tr>\n<tr>\n<td width=\"39%\">Juan Luis Pe\u00f1a Llanos<\/td>\n<td width=\"60%\">Asesor Contable y Jur\u00eddico<\/td>\n<\/tr>\n<tr>\n<td width=\"39%\">Tania Gonz\u00e1lez Fern\u00e1ndez<\/td>\n<td width=\"60%\">Asesora Contable<\/td>\n<\/tr>\n<tr>\n<td width=\"39%\">Mar\u00eda Constanza For\u00e9s Benavides<\/td>\n<td width=\"60%\">Cajera y Apoyo Administrativo<\/td>\n<\/tr>\n<tr>\n<td width=\"39%\">\u00c1ngel Battiza Vergara<\/td>\n<td width=\"60%\">Prevencionista de Riesgos de Colegio<\/td>\n<\/tr>\n<\/tbody>\n<\/table>\n<h4><strong>PLANTA DOCENTE:<\/strong><\/h4>\n<table width=\"100%\">\n<tbody>\n<tr>\n<td width=\"30%\"><strong>NOMBRE<\/strong><\/td>\n<td width=\"69%\"><strong>CARGO<\/strong><\/td>\n<\/tr>\n<tr>\n<td width=\"30%\">Carol Segovia Espinoza<\/td>\n<td width=\"69%\">Subdirectora de Sede y Jefa Unidad T\u00e9cnico Pedag\u00f3gica<\/td>\n<\/tr>\n<tr>\n<td width=\"30%\">Ra\u00fal Dur\u00e1n Ponce<\/td>\n<td width=\"69%\">Inspector General y \u00a0 Convivencia Escolar de Colegio<\/td>\n<\/tr>\n<tr>\n<td width=\"30%\">Marcela Ya\u00f1ez Ortega<\/td>\n<td width=\"69%\">Convivencia Escolar<\/td>\n<\/tr>\n<tr>\n<td width=\"30%\">\u00c1mbar Ch\u00e1vez Rojas<\/td>\n<td width=\"69%\">Unidad T\u00e9cnico Pedag\u00f3gica 2\u00b0 &#8211; 3\u00b0 \u00a0 y 4\u00b0 Medio<\/td>\n<\/tr>\n<tr>\n<td width=\"30%\">Daniela C\u00e1rcamo Maureira<\/td>\n<td width=\"69%\">Unidad T\u00e9cnico Pedag\u00f3gica 7\u00b0 &#8211; 8\u00b0 B\u00e1sico y 1\u00b0 A\u00f1o Medio\u00a0\u00a0 Asesora \u00a0 y Coordinadora del P.M.E de Colegio<\/td>\n<\/tr>\n<tr>\n<td width=\"30%\">Edith San Mart\u00edn Salazar<\/td>\n<td width=\"69%\">Orientadora<\/td>\n<\/tr>\n<tr>\n<td width=\"30%\">Lilibeth Altamirano Pinela<\/td>\n<td width=\"69%\">Psic\u00f3loga.<\/td>\n<\/tr>\n<tr>\n<td width=\"30%\">Evangelina Pizarro Vallejos<\/td>\n<td width=\"69%\">Educadora diferencial<\/td>\n<\/tr>\n<tr>\n<td width=\"30%\">Antonia Lucero G\u00e1lvez<\/td>\n<td width=\"69%\">Asesor Centro de Estudiante y Coordinadora ACLE Talleres Culturales<\/td>\n<\/tr>\n<tr>\n<td width=\"30%\">Karina Bascu\u00f1\u00e1n Zamora<\/td>\n<td width=\"69%\">Jefa Administrativa de Sede<\/td>\n<\/tr>\n<tr>\n<td width=\"30%\">Carola Navarro Illanes<\/td>\n<td width=\"69%\">Coordinadora de Sede<\/td>\n<\/tr>\n<tr>\n<td width=\"30%\">Lissete Alcaide Vega<\/td>\n<td width=\"69%\">Representante de los Docentes al Consejo Escolar<\/td>\n<\/tr>\n<tr>\n<td width=\"30%\">Miriam Zet Miranda<\/td>\n<td width=\"69%\">Representante de los Asistentes de la Educaci\u00f3n al Consejo Escolar<\/td>\n<\/tr>\n<tr>\n<td width=\"30%\">Nicole Luna Aldunce<\/td>\n<td width=\"69%\">Encargado de recuperaci\u00f3n de Aprendizajes<\/td>\n<\/tr>\n<tr>\n<td width=\"30%\">Octavio Dur\u00e1n Ponce<\/td>\n<td width=\"69%\">Coordinador ACLE Deportes de Colegio<\/td>\n<\/tr>\n<tr>\n<td width=\"30%\">Mauricio Barrueto Vega<\/td>\n<td width=\"69%\">Encargado de Redes Sociales<\/td>\n<\/tr>\n<tr>\n<td width=\"30%\">Ximena Aros Bernal<\/td>\n<td width=\"69%\">Secretaria Pedag\u00f3gica de Sede<\/td>\n<\/tr>\n<tr>\n<td width=\"30%\">Cecilia Allen Aravena<\/td>\n<td width=\"69%\">Secretaria Pedag\u00f3gica de Sede<\/td>\n<\/tr>\n<tr>\n<td width=\"30%\">Miriam Zet Miranda<\/td>\n<td width=\"69%\">Apoyo en Convivencia Escolar<\/td>\n<\/tr>\n<tr>\n<td width=\"30%\">Karina Carvajal Araya<\/td>\n<td width=\"69%\">Apoyo en Convivencia Escolar<\/td>\n<\/tr>\n<tr>\n<td width=\"30%\">Jennifer Gonz\u00e1lez Lagos<\/td>\n<td width=\"69%\">Apoyo en Convivencia Escolar<\/td>\n<\/tr>\n<tr>\n<td width=\"30%\">Silvia Pereira Pereira<\/td>\n<td width=\"69%\">Apoyo en Convivencia Escolar<\/td>\n<\/tr>\n<tr>\n<td width=\"30%\">Tatiana Guti\u00e9rrez Meza<\/td>\n<td width=\"69%\">Apoyo en Convivencia Escolar<\/td>\n<\/tr>\n<tr>\n<td width=\"30%\">Laura Escobedo Castillo<\/td>\n<td width=\"69%\">Apoyo en Convivencia Escolar<\/td>\n<\/tr>\n<tr>\n<td width=\"30%\">Fabiola Acevedo G\u00f3mez<\/td>\n<td width=\"69%\">Encargada en Computaci\u00f3n e Inform\u00e1tica y Recursos Tecnol\u00f3gicos<\/td>\n<\/tr>\n<tr>\n<td width=\"30%\">Mar\u00eda Jes\u00fas Pino Silva<\/td>\n<td width=\"69%\">Encargada del CRA<\/td>\n<\/tr>\n<\/tbody>\n<\/table>\n<p>[\/vc_column_text][\/vc_column][\/vc_row]<\/p>\n<\/div>","protected":false},"excerpt":{"rendered":"<p>[vc_row][vc_column][vc_custom_heading text=&#8221;AREA DOCENTE Y ADMINISTRATIVA 2025 SEDE LUIS LARCO&#8221; font_container=&#8221;tag:h2|text_align:left|color:%23dd3333&#8243; css=&#8221;&#8221;][\/vc_column][\/vc_row][vc_row][vc_column][vc_column_text css=&#8221;&#8221;] PLANTA ADMINISTRATIVA: NOMBRE CARGO Jaime Baeza Zet Presidente y Administrador de la Corporaci\u00f3n Educacional Colegio Los&#8230;<\/p>\n","protected":false},"author":1,"featured_media":0,"parent":6887,"menu_order":0,"comment_status":"closed","ping_status":"closed","template":"","meta":{"footnotes":"","_links_to":"","_links_to_target":""},"class_list":["post-6894","page","type-page","status-publish","hentry"],"_links":{"self":[{"href":"https:\/\/colegiolosreyes.cl\/sitio\/wp-json\/wp\/v2\/pages\/6894","targetHints":{"allow":["GET"]}}],"collection":[{"href":"https:\/\/colegiolosreyes.cl\/sitio\/wp-json\/wp\/v2\/pages"}],"about":[{"href":"https:\/\/colegiolosreyes.cl\/sitio\/wp-json\/wp\/v2\/types\/page"}],"author":[{"embeddable":true,"href":"https:\/\/colegiolosreyes.cl\/sitio\/wp-json\/wp\/v2\/users\/1"}],"replies":[{"embeddable":true,"href":"https:\/\/colegiolosreyes.cl\/sitio\/wp-json\/wp\/v2\/comments?post=6894"}],"version-history":[{"count":6,"href":"https:\/\/colegiolosreyes.cl\/sitio\/wp-json\/wp\/v2\/pages\/6894\/revisions"}],"predecessor-version":[{"id":7998,"href":"https:\/\/colegiolosreyes.cl\/sitio\/wp-json\/wp\/v2\/pages\/6894\/revisions\/7998"}],"up":[{"embeddable":true,"href":"https:\/\/colegiolosreyes.cl\/sitio\/wp-json\/wp\/v2\/pages\/6887"}],"wp:attachment":[{"href":"https:\/\/colegiolosreyes.cl\/sitio\/wp-json\/wp\/v2\/media?parent=6894"}],"curies":[{"name":"wp","href":"https:\/\/api.w.org\/{rel}","templated":true}]}}