{"id":6892,"date":"2024-05-29T00:09:39","date_gmt":"2024-05-29T00:09:39","guid":{"rendered":"https:\/\/colegiolosreyes.cl\/sitio\/?page_id=6892"},"modified":"2025-04-30T14:45:03","modified_gmt":"2025-04-30T14:45:03","slug":"sede-el-sauce","status":"publish","type":"page","link":"https:\/\/colegiolosreyes.cl\/sitio\/organizacion-institucional\/areas-academica-y-administrativa\/sede-el-sauce\/","title":{"rendered":"SEDE EL SAUCE"},"content":{"rendered":"<div class=\"wpb-content-wrapper\"><p>[vc_row][vc_column][vc_custom_heading text=&#8221;AREA DOCENTE Y ADMINISTRATIVA 2025 SEDE EL SAUCE&#8221; font_container=&#8221;tag:h2|text_align:left|color:%231e73be&#8221; css=&#8221;&#8221;][\/vc_column][\/vc_row][vc_row][vc_column][vc_column_text css=&#8221;&#8221;]<\/p>\n<h4><strong>PLANTA ADMINISTRATIVA:<\/strong><\/h4>\n<table width=\"100%\">\n<tbody>\n<tr>\n<td width=\"39%\"><strong>NOMBRE<\/strong><\/td>\n<td width=\"60%\"><strong>CARGO<\/strong><\/td>\n<\/tr>\n<tr>\n<td width=\"39%\">Jaime Baeza Zet<\/td>\n<td width=\"60%\">Presidente y Administrador de la Corporaci\u00f3n Educacional Colegio Los Reyes de Quilpu\u00e9.<\/td>\n<\/tr>\n<tr>\n<td width=\"39%\">Jessica Jaramillo C\u00e9spedes<\/td>\n<td width=\"60%\">Jefa Administrativa de Colegio y Finanzas<\/td>\n<\/tr>\n<tr>\n<td width=\"39%\">Juan Luis Pe\u00f1a Llanos<\/td>\n<td width=\"60%\">Asesor Contable y Jur\u00eddico<\/td>\n<\/tr>\n<tr>\n<td width=\"39%\">Tania Gonz\u00e1lez Fern\u00e1ndez<\/td>\n<td width=\"60%\">Asesora Contable<\/td>\n<\/tr>\n<tr>\n<td width=\"39%\">Mar\u00eda Constanza For\u00e9s Benavides<\/td>\n<td width=\"60%\">Cajera y Apoyo Administrativo<\/td>\n<\/tr>\n<tr>\n<td width=\"39%\">\u00c1ngel Battiza Vergara<\/td>\n<td width=\"60%\">Prevencionista de Riesgos de Colegio<\/td>\n<\/tr>\n<\/tbody>\n<\/table>\n<h4><strong>PLANTA DOCENTE:<\/strong><\/h4>\n<table width=\"100%\">\n<tbody>\n<tr>\n<td width=\"36%\"><strong>NOMBRE<\/strong><\/td>\n<td width=\"63%\"><strong>CARGO<\/strong><\/td>\n<\/tr>\n<tr>\n<td width=\"36%\">Cecilia S\u00e1nchez Mart\u00ednez<\/td>\n<td width=\"63%\">Subdirectora de Sede y Jefa Unidad T\u00e9cnico Pedag\u00f3gica<\/td>\n<\/tr>\n<tr>\n<td width=\"36%\">Claudia V\u00e1squez N\u00fa\u00f1ez<\/td>\n<td width=\"63%\">Inspectora General y Convivencia Escolar de Sede<\/td>\n<\/tr>\n<tr>\n<td width=\"36%\">Alejandra Araya Bravo<\/td>\n<td width=\"63%\">Unidad T\u00e9cnico Pedag\u00f3gica<\/td>\n<\/tr>\n<tr>\n<td width=\"36%\">Daniela C\u00e1rcamo Maureira<\/td>\n<td width=\"63%\">Asesora \u00a0 y Coordinadora del P.M.E de Colegio<\/td>\n<\/tr>\n<tr>\n<td width=\"36%\">Danixa Verdugo Garc\u00eda<\/td>\n<td width=\"63%\">Orientadora<\/td>\n<\/tr>\n<tr>\n<td width=\"36%\">Gissell Villal\u00f3n Torres<\/td>\n<td width=\"63%\">Psic\u00f3loga<\/td>\n<\/tr>\n<tr>\n<td width=\"36%\">Tamara L\u00f3pez Capelli<\/td>\n<td width=\"63%\">Psicopedagoga<\/td>\n<\/tr>\n<tr>\n<td width=\"36%\">Melissa Camilo Carrasco<\/td>\n<td width=\"63%\">Jefa Administrativa de Sede<\/td>\n<\/tr>\n<tr>\n<td width=\"36%\">Daisy Fern\u00e1ndez Villavicencio<\/td>\n<td width=\"63%\">Coordinadora de Sede<\/td>\n<\/tr>\n<tr>\n<td width=\"36%\">Ayla Quiroz Gonz\u00e1lez<\/td>\n<td width=\"63%\">Representante de los Docentes al Consejo Escolar<\/td>\n<\/tr>\n<tr>\n<td width=\"36%\">Marco Osorio Guti\u00e9rrez<\/td>\n<td width=\"63%\">Representante de los Asistentes de la Educaci\u00f3n al Consejo Escolar<\/td>\n<\/tr>\n<tr>\n<td width=\"36%\">Octavio Dur\u00e1n Ponce<\/td>\n<td width=\"63%\">Coordinador ACLE Deportes de Colegio<\/td>\n<\/tr>\n<tr>\n<td width=\"36%\">Emerson Bustos D\u00edaz<\/td>\n<td width=\"63%\">Encargado de Redes Sociales<\/td>\n<\/tr>\n<tr>\n<td width=\"36%\">P\u00eda Gajardo Rodr\u00edguez<\/td>\n<td width=\"63%\">P\u00e1gina Web e Info Reyes<\/td>\n<\/tr>\n<tr>\n<td width=\"36%\">Carolina Ram\u00edrez Liendo<\/td>\n<td width=\"63%\">Secretaria Pedag\u00f3gica de Sede<\/td>\n<\/tr>\n<tr>\n<td width=\"36%\">Norma Berm\u00fadez Aravena<\/td>\n<td width=\"63%\">Apoyo en Convivencia Escolar<\/td>\n<\/tr>\n<tr>\n<td width=\"36%\">Yocelyn Guti\u00e9rrez Jeria<\/td>\n<td width=\"63%\">Apoyo en Convivencia Escolar<\/td>\n<\/tr>\n<tr>\n<td width=\"36%\">Carolina Neira Burgos<\/td>\n<td width=\"63%\">Apoyo en Convivencia Escolar<\/td>\n<\/tr>\n<tr>\n<td width=\"36%\">Constanza Stevens Hidalgo<\/td>\n<td width=\"63%\">Apoyo en Convivencia Escolar<\/td>\n<\/tr>\n<tr>\n<td width=\"36%\">Pamela Garc\u00eda Silva<\/td>\n<td width=\"63%\">Encargada de Recursos Tecnol\u00f3gicos y CRA<\/td>\n<\/tr>\n<\/tbody>\n<\/table>\n<p>[\/vc_column_text][\/vc_column][\/vc_row]<\/p>\n<\/div>","protected":false},"excerpt":{"rendered":"<p>[vc_row][vc_column][vc_custom_heading text=&#8221;AREA DOCENTE Y ADMINISTRATIVA 2025 SEDE EL SAUCE&#8221; font_container=&#8221;tag:h2|text_align:left|color:%231e73be&#8221; css=&#8221;&#8221;][\/vc_column][\/vc_row][vc_row][vc_column][vc_column_text css=&#8221;&#8221;] PLANTA ADMINISTRATIVA: NOMBRE CARGO Jaime Baeza Zet Presidente y Administrador de la Corporaci\u00f3n Educacional Colegio Los&#8230;<\/p>\n","protected":false},"author":1,"featured_media":0,"parent":6887,"menu_order":0,"comment_status":"closed","ping_status":"closed","template":"","meta":{"footnotes":"","_links_to":"","_links_to_target":""},"class_list":["post-6892","page","type-page","status-publish","hentry"],"_links":{"self":[{"href":"https:\/\/colegiolosreyes.cl\/sitio\/wp-json\/wp\/v2\/pages\/6892","targetHints":{"allow":["GET"]}}],"collection":[{"href":"https:\/\/colegiolosreyes.cl\/sitio\/wp-json\/wp\/v2\/pages"}],"about":[{"href":"https:\/\/colegiolosreyes.cl\/sitio\/wp-json\/wp\/v2\/types\/page"}],"author":[{"embeddable":true,"href":"https:\/\/colegiolosreyes.cl\/sitio\/wp-json\/wp\/v2\/users\/1"}],"replies":[{"embeddable":true,"href":"https:\/\/colegiolosreyes.cl\/sitio\/wp-json\/wp\/v2\/comments?post=6892"}],"version-history":[{"count":5,"href":"https:\/\/colegiolosreyes.cl\/sitio\/wp-json\/wp\/v2\/pages\/6892\/revisions"}],"predecessor-version":[{"id":7999,"href":"https:\/\/colegiolosreyes.cl\/sitio\/wp-json\/wp\/v2\/pages\/6892\/revisions\/7999"}],"up":[{"embeddable":true,"href":"https:\/\/colegiolosreyes.cl\/sitio\/wp-json\/wp\/v2\/pages\/6887"}],"wp:attachment":[{"href":"https:\/\/colegiolosreyes.cl\/sitio\/wp-json\/wp\/v2\/media?parent=6892"}],"curies":[{"name":"wp","href":"https:\/\/api.w.org\/{rel}","templated":true}]}}