{"id":6890,"date":"2024-05-29T00:09:12","date_gmt":"2024-05-29T00:09:12","guid":{"rendered":"https:\/\/colegiolosreyes.cl\/sitio\/?page_id=6890"},"modified":"2025-04-29T21:05:37","modified_gmt":"2025-04-29T21:05:37","slug":"sede-los-reyes","status":"publish","type":"page","link":"https:\/\/colegiolosreyes.cl\/sitio\/organizacion-institucional\/areas-academica-y-administrativa\/sede-los-reyes\/","title":{"rendered":"SEDE LOS REYES"},"content":{"rendered":"<div class=\"wpb-content-wrapper\"><p>[vc_row][vc_column][vc_custom_heading text=&#8221;AREA DOCENTE Y ADMINISTRATIVA 2025 SEDE LOS REYES&#8221; font_container=&#8221;tag:h2|text_align:left|color:%23dd3333&#8243; css=&#8221;&#8221;][vc_column_text css=&#8221;&#8221;]<\/p>\n<h4><strong>PLANTA ADMINISTRATIVA:<\/strong><\/h4>\n<table width=\"100%\">\n<tbody>\n<tr>\n<td width=\"39%\"><strong>NOMBRE<\/strong><\/td>\n<td width=\"60%\"><strong>CARGO<\/strong><\/td>\n<\/tr>\n<tr>\n<td width=\"39%\">Jaime Baeza Zet<\/td>\n<td width=\"60%\">Presidente y Administrador de la Corporaci\u00f3n Educacional Colegio Los Reyes de Quilpu\u00e9.<\/td>\n<\/tr>\n<tr>\n<td width=\"39%\">Jessica Jaramillo C\u00e9spedes<\/td>\n<td width=\"60%\">Jefa Administrativa de Colegio y Finanzas<\/td>\n<\/tr>\n<tr>\n<td width=\"39%\">Juan Luis Pe\u00f1a Llanos<\/td>\n<td width=\"60%\">Asesor Contable y Jur\u00eddico<\/td>\n<\/tr>\n<tr>\n<td width=\"39%\">Tania Gonz\u00e1lez Fern\u00e1ndez<\/td>\n<td width=\"60%\">Asesora Contable<\/td>\n<\/tr>\n<tr>\n<td width=\"39%\">Mar\u00eda Constanza For\u00e9s Benavides<\/td>\n<td width=\"60%\">Cajera y Apoyo Administrativo<\/td>\n<\/tr>\n<tr>\n<td width=\"39%\">\u00c1ngel Battiza Vergara<\/td>\n<td width=\"60%\">Prevencionista de Riesgos de Colegio<\/td>\n<\/tr>\n<\/tbody>\n<\/table>\n<h4><strong>PLANTA DOCENTE:<\/strong><\/h4>\n<table width=\"100%\">\n<tbody>\n<tr>\n<td width=\"36%\"><strong>NOMBRE<\/strong><\/td>\n<td width=\"63%\"><strong>CARGO<\/strong><\/td>\n<\/tr>\n<tr>\n<td width=\"36%\">Luisa Menares Jojot<\/td>\n<td width=\"63%\">Subdirectora de Sede y\u00a0 Jefe Unidad T\u00e9cnico Pedag\u00f3gica<\/td>\n<\/tr>\n<tr>\n<td width=\"36%\">Edith Urbina C\u00e1rcamo<\/td>\n<td width=\"63%\">Inspectora General\u00a0 y Convivencia Escolar de Sede<\/td>\n<\/tr>\n<tr>\n<td width=\"36%\">Marcela Bravo Daniou<\/td>\n<td width=\"63%\">Unidad T\u00e9cnico Pedag\u00f3gica<\/td>\n<\/tr>\n<tr>\n<td width=\"36%\">Daniela C\u00e1rcamo Maureira<\/td>\n<td width=\"63%\">Asesora \u00a0 y Coordinadora del P.M.E de Colegio<\/td>\n<\/tr>\n<tr>\n<td width=\"36%\">Lorena Cerda Castillo<\/td>\n<td width=\"63%\">Orientadora<\/td>\n<\/tr>\n<tr>\n<td width=\"36%\">Germ\u00e1n Morales Gonz\u00e1lez<\/td>\n<td width=\"63%\">Psic\u00f3logo<\/td>\n<\/tr>\n<tr>\n<td width=\"36%\">Carolina Ferry Cifre<\/td>\n<td width=\"63%\">Psicopedagoga y Coordinadora de Talleres de Recuperaci\u00f3n de Aprendizajes.<\/td>\n<\/tr>\n<tr>\n<td width=\"36%\">Grimanesa Letelier Alegr\u00eda<\/td>\n<td width=\"63%\">Educadora Diferencial<\/td>\n<\/tr>\n<tr>\n<td width=\"36%\">Camila Baeza Ram\u00edrez<\/td>\n<td width=\"63%\">Jefa Administrativa de Sede, Relaciones Laborales y Asesor\u00eda Jur\u00eddica<\/td>\n<\/tr>\n<tr>\n<td width=\"36%\">Axel Jelvez Estay<\/td>\n<td width=\"63%\">Coordinador de Sede y Encargado de Redes Sociales<\/td>\n<\/tr>\n<tr>\n<td width=\"36%\">Marcela Morales Gonz\u00e1lez<\/td>\n<td width=\"63%\">Representante de los Docentes al Consejo Escolar<\/td>\n<\/tr>\n<tr>\n<td width=\"36%\">Marcela Garc\u00eda \u00c1lvarez<\/td>\n<td width=\"63%\">Representante de los Asistentes de la Educaci\u00f3n al Consejo Escolar<\/td>\n<\/tr>\n<tr>\n<td width=\"36%\">Octavio Dur\u00e1n Ponce<\/td>\n<td width=\"63%\">Coordinador ACLE Deportes de Colegio<\/td>\n<\/tr>\n<tr>\n<td width=\"36%\">Katherine Fern\u00e1ndez Flamm<\/td>\n<td width=\"63%\">Encargada de Talleres de desarrollo de Habilidades<\/td>\n<\/tr>\n<tr>\n<td width=\"36%\">Ingrid Castro Riveros<\/td>\n<td width=\"63%\">Secretaria Pedag\u00f3gica de Colegio y Admisi\u00f3n<\/td>\n<\/tr>\n<tr>\n<td width=\"36%\">Gigliola Hidalgo Donoso<\/td>\n<td width=\"63%\">Apoyo en Convivencia Escolar<\/td>\n<\/tr>\n<tr>\n<td width=\"36%\">Milenka Arancibia Mart\u00ednez<\/td>\n<td width=\"63%\">Apoyo en Convivencia Escolar<\/td>\n<\/tr>\n<tr>\n<td width=\"36%\">M\u00f3nica Leigthon Herrera<\/td>\n<td width=\"63%\">Apoyo en Convivencia Escolar<\/td>\n<\/tr>\n<tr>\n<td width=\"36%\">Mar\u00eda Jos\u00e9 Islas Urz\u00faa<\/td>\n<td width=\"63%\">Encargada de Recursos Tecnol\u00f3gicos y CRA Computaci\u00f3n e Inform\u00e1tica<\/td>\n<\/tr>\n<\/tbody>\n<\/table>\n<p>[\/vc_column_text][\/vc_column][\/vc_row]<\/p>\n<\/div>","protected":false},"excerpt":{"rendered":"<p>[vc_row][vc_column][vc_custom_heading text=&#8221;AREA DOCENTE Y ADMINISTRATIVA 2025 SEDE LOS REYES&#8221; font_container=&#8221;tag:h2|text_align:left|color:%23dd3333&#8243; css=&#8221;&#8221;][vc_column_text css=&#8221;&#8221;] PLANTA ADMINISTRATIVA: NOMBRE CARGO Jaime Baeza Zet Presidente y Administrador de la Corporaci\u00f3n Educacional Colegio Los&#8230;<\/p>\n","protected":false},"author":1,"featured_media":0,"parent":6887,"menu_order":0,"comment_status":"closed","ping_status":"closed","template":"","meta":{"footnotes":"","_links_to":"","_links_to_target":""},"class_list":["post-6890","page","type-page","status-publish","hentry"],"_links":{"self":[{"href":"https:\/\/colegiolosreyes.cl\/sitio\/wp-json\/wp\/v2\/pages\/6890","targetHints":{"allow":["GET"]}}],"collection":[{"href":"https:\/\/colegiolosreyes.cl\/sitio\/wp-json\/wp\/v2\/pages"}],"about":[{"href":"https:\/\/colegiolosreyes.cl\/sitio\/wp-json\/wp\/v2\/types\/page"}],"author":[{"embeddable":true,"href":"https:\/\/colegiolosreyes.cl\/sitio\/wp-json\/wp\/v2\/users\/1"}],"replies":[{"embeddable":true,"href":"https:\/\/colegiolosreyes.cl\/sitio\/wp-json\/wp\/v2\/comments?post=6890"}],"version-history":[{"count":7,"href":"https:\/\/colegiolosreyes.cl\/sitio\/wp-json\/wp\/v2\/pages\/6890\/revisions"}],"predecessor-version":[{"id":7995,"href":"https:\/\/colegiolosreyes.cl\/sitio\/wp-json\/wp\/v2\/pages\/6890\/revisions\/7995"}],"up":[{"embeddable":true,"href":"https:\/\/colegiolosreyes.cl\/sitio\/wp-json\/wp\/v2\/pages\/6887"}],"wp:attachment":[{"href":"https:\/\/colegiolosreyes.cl\/sitio\/wp-json\/wp\/v2\/media?parent=6890"}],"curies":[{"name":"wp","href":"https:\/\/api.w.org\/{rel}","templated":true}]}}