{"id":6681,"date":"2024-05-17T02:47:44","date_gmt":"2024-05-17T02:47:44","guid":{"rendered":"https:\/\/colegiolosreyes.cl\/sitio\/?page_id=6681"},"modified":"2025-05-13T15:06:42","modified_gmt":"2025-05-13T15:06:42","slug":"consejo-escolar","status":"publish","type":"page","link":"https:\/\/colegiolosreyes.cl\/sitio\/organizacion-institucional\/consejo-escolar\/","title":{"rendered":"CONSEJO ESCOLAR"},"content":{"rendered":"<div class=\"wpb-content-wrapper\"><p>[vc_row][vc_column][vc_custom_heading text=&#8221;CONSEJO ESCOLAR&#8221; font_container=&#8221;tag:h2|text_align:left|color:%23dd3333&#8243; css=&#8221;&#8221;][vc_column_text css=&#8221;&#8221;]<\/p>\n<p style=\"text-align: justify;\">Organismo creado por la Ley 19.979 de Jornada Escolar Completa como una instancia en la cual \u201cpadres madres y apoderados, estudiantes y docentes podr\u00e1n, a trav\u00e9s de sus representantes, informarse, proponer y opinar sobre materias relevantes para el mejoramiento de la calidad de la educaci\u00f3n en sus establecimientos\u201d.<\/p>\n<p style=\"text-align: justify;\">El consejo tendr\u00e1 atribuciones de tipo consultivo, informativo, propositivo y resolutivo (S\u00f3lo cuando el sostenedor as\u00ed lo determine) En nuestro establecimiento el Consejo escolar funciona regularmente dos veces en cada semestre y por citaciones extraordinarias. Se integran en el consejo escolar el Equipo Directivo del Colegio, los profesores coordinadores de ambas sedes, un representante de los asistentes de la educaci\u00f3n, la Directiva del Centro General de Padres y la Directiva del Centro de Estudiantes. El Consejo Escolar no tiene atribuciones sobre materias t\u00e9cnico-pedag\u00f3gicas, las que son responsabilidad del equipo directivo o de gesti\u00f3n.<\/p>\n<table width=\"671\">\n<tbody>\n<tr>\n<td colspan=\"2\" width=\"665\"><strong>INTEGRANTES<\/strong><\/td>\n<td width=\"0\"><\/td>\n<\/tr>\n<tr>\n<td width=\"420\"><strong>Representante Corporaci\u00f3n Educacional Colegio los Reyes<\/strong><\/td>\n<td colspan=\"2\" width=\"245\">Gabriela Baeza Zet<\/td>\n<\/tr>\n<tr>\n<td width=\"420\"><strong>Rector Colegio los Reyes <\/strong><\/td>\n<td colspan=\"2\" width=\"245\">Federico Orlando Baeza Zet<\/td>\n<\/tr>\n<tr>\n<td width=\"420\"><strong>Director Colegio Los Reyes<\/strong><\/td>\n<td colspan=\"2\" width=\"245\">Eduardo Araya Soto<\/td>\n<\/tr>\n<tr>\n<td width=\"420\"><strong>Sub-Directora Sede Los Reyes<\/strong><\/td>\n<td colspan=\"2\" width=\"245\">Luisa Menares Jojot<\/td>\n<\/tr>\n<tr>\n<td width=\"420\"><strong>Sub-Directora Sede Luis Larco<\/strong><\/td>\n<td colspan=\"2\" width=\"245\">Carol Segovia Espinoza<\/td>\n<\/tr>\n<tr>\n<td width=\"420\"><strong>Sub-Directora Sede Sauce<\/strong><\/td>\n<td colspan=\"2\" width=\"245\">Cecilia S\u00e1nchez Mart\u00ednez<\/td>\n<\/tr>\n<tr>\n<td width=\"420\"><strong>Representante de los Docentes Sede los Reyes<\/strong><\/td>\n<td colspan=\"2\" width=\"245\">Marcela Morales Gonz\u00e1lez<\/td>\n<\/tr>\n<tr>\n<td width=\"420\"><strong>Representante de los Docentes Sede Luis Larco<\/strong><\/td>\n<td colspan=\"2\" width=\"245\">Lissete Alcaide Vega<\/td>\n<\/tr>\n<tr>\n<td width=\"420\"><strong>Representante de los Docentes Sede Sauce<\/strong><\/td>\n<td colspan=\"2\" width=\"245\">Ayla Quiroz Gonz\u00e1lez<\/td>\n<\/tr>\n<tr>\n<td width=\"420\"><strong>Representante Asistentes de la Educaci\u00f3n Sede los Reyes<\/strong><\/td>\n<td colspan=\"2\" width=\"245\">Marcela Garc\u00eda \u00c1lvarez<\/td>\n<\/tr>\n<tr>\n<td width=\"420\"><strong>Representante Asistentes de la Educaci\u00f3n Sede Luis Larco<\/strong><\/td>\n<td colspan=\"2\" width=\"245\">Miriam Zet Miranda<\/td>\n<\/tr>\n<tr>\n<td width=\"420\"><strong>Representante Asistentes de la Educaci\u00f3n Sede Sauce<\/strong><\/td>\n<td colspan=\"2\" width=\"245\">Marco Osorio Guti\u00e9rrez<\/td>\n<\/tr>\n<tr>\n<td width=\"420\"><strong>Presidente Centro General de Padres<\/strong><\/td>\n<td colspan=\"2\" width=\"245\">Jos\u00e9 Miguel Gonz\u00e1lez<\/td>\n<\/tr>\n<tr>\n<td width=\"420\"><strong>Presidente Centro General de Estudiante<\/strong><\/td>\n<td colspan=\"2\" width=\"245\">Valentina Ruiz Flores<\/td>\n<\/tr>\n<\/tbody>\n<\/table>\n<p>[\/vc_column_text][\/vc_column][\/vc_row]<\/p>\n<\/div>","protected":false},"excerpt":{"rendered":"<p>[vc_row][vc_column][vc_custom_heading text=&#8221;CONSEJO ESCOLAR&#8221; font_container=&#8221;tag:h2|text_align:left|color:%23dd3333&#8243; css=&#8221;&#8221;][vc_column_text css=&#8221;&#8221;] Organismo creado por la Ley 19.979 de Jornada Escolar Completa como una instancia en la cual \u201cpadres madres y apoderados, estudiantes y&#8230;<\/p>\n","protected":false},"author":1,"featured_media":0,"parent":6474,"menu_order":0,"comment_status":"closed","ping_status":"closed","template":"","meta":{"footnotes":"","_links_to":"","_links_to_target":""},"class_list":["post-6681","page","type-page","status-publish","hentry"],"_links":{"self":[{"href":"https:\/\/colegiolosreyes.cl\/sitio\/wp-json\/wp\/v2\/pages\/6681","targetHints":{"allow":["GET"]}}],"collection":[{"href":"https:\/\/colegiolosreyes.cl\/sitio\/wp-json\/wp\/v2\/pages"}],"about":[{"href":"https:\/\/colegiolosreyes.cl\/sitio\/wp-json\/wp\/v2\/types\/page"}],"author":[{"embeddable":true,"href":"https:\/\/colegiolosreyes.cl\/sitio\/wp-json\/wp\/v2\/users\/1"}],"replies":[{"embeddable":true,"href":"https:\/\/colegiolosreyes.cl\/sitio\/wp-json\/wp\/v2\/comments?post=6681"}],"version-history":[{"count":6,"href":"https:\/\/colegiolosreyes.cl\/sitio\/wp-json\/wp\/v2\/pages\/6681\/revisions"}],"predecessor-version":[{"id":8064,"href":"https:\/\/colegiolosreyes.cl\/sitio\/wp-json\/wp\/v2\/pages\/6681\/revisions\/8064"}],"up":[{"embeddable":true,"href":"https:\/\/colegiolosreyes.cl\/sitio\/wp-json\/wp\/v2\/pages\/6474"}],"wp:attachment":[{"href":"https:\/\/colegiolosreyes.cl\/sitio\/wp-json\/wp\/v2\/media?parent=6681"}],"curies":[{"name":"wp","href":"https:\/\/api.w.org\/{rel}","templated":true}]}}