{"id":6679,"date":"2024-05-17T02:47:20","date_gmt":"2024-05-17T02:47:20","guid":{"rendered":"https:\/\/colegiolosreyes.cl\/sitio\/?page_id=6679"},"modified":"2024-05-21T22:49:34","modified_gmt":"2024-05-21T22:49:34","slug":"centro-general-de-padres-c-g-p-a","status":"publish","type":"page","link":"https:\/\/colegiolosreyes.cl\/sitio\/organizacion-institucional\/centro-general-de-padres-c-g-p-a\/","title":{"rendered":"CENTRO GENERAL DE PADRES C.G.P.A."},"content":{"rendered":"<div class=\"wpb-content-wrapper\"><p>[vc_row][vc_column][vc_column_text css=&#8221;&#8221;]<\/p>\n<p style=\"text-align: justify;\">El C.G.P.A es una Entidad encaminada a apoyar la labor educativa del establecimiento, aportando esfuerzos y recursos para favorecer el desarrollo integral de nuestros hijos.<\/p>\n<p style=\"text-align: justify;\">\u00c9ste fue creado el a\u00f1o 1995, formado por las Directivas y Delegados de los Sub-centros del Colegio -uno por cada curso-, llev\u00e1ndose a cabo la elecci\u00f3n del Primer Directorio General, aceptado por la Secretar\u00eda Ministerial de Educaci\u00f3n.<\/p>\n<table width=\"459\">\n<tbody>\n<tr>\n<td colspan=\"2\" width=\"459\"><strong>DIRECTIVA CENTRO GENERAL DE PADRES Y APODERADO<\/strong><\/td>\n<\/tr>\n<tr>\n<td width=\"197\"><strong>Presidente<\/strong><\/td>\n<td width=\"263\">Jos\u00e9 Miguel Gonz\u00e1lez Guti\u00e9rrez<\/td>\n<\/tr>\n<tr>\n<td width=\"197\"><strong>Vicepresidente<\/strong><\/td>\n<td width=\"263\">Adolfo Rozas Catal\u00e1n<\/td>\n<\/tr>\n<tr>\n<td width=\"197\"><strong>Secretario<\/strong><\/td>\n<td width=\"263\">Cristian Salazar Vergara<\/td>\n<\/tr>\n<tr>\n<td width=\"197\"><strong>Tesorera<\/strong><\/td>\n<td width=\"263\">Lindsay White Contreras<\/td>\n<\/tr>\n<tr>\n<td width=\"197\"><strong>Directora de Bienestar<\/strong><\/td>\n<td width=\"263\">Sandra Ortega Banda<\/td>\n<\/tr>\n<tr>\n<td width=\"197\"><strong>Directora<\/strong><\/td>\n<td width=\"263\">Dianny Medica Anguita<\/td>\n<\/tr>\n<\/tbody>\n<\/table>\n<p><strong>Correo de contacto:\u00a0<\/strong><\/p>\n<p><a href=\"mailto:comunicacionescgpalosreyes@gmail.com\">comunicacionescgpalosreyes@gmail.com<\/a><\/p>\n<p><strong>Instagram:<\/strong><\/p>\n<p><a href=\"https:\/\/www.instagram.com\/cgpa_colegio_los_reyes?igsh=MTh4M3Y3NWhzOG16ZA==\" target=\"_blank\" rel=\"noopener\">https:\/\/www.instagram.com\/cgpa_colegio_los_reyes?igsh=MTh4M3Y3NWhzOG16ZA==<\/a><\/p>\n<p><strong>Facebook:<\/strong><\/p>\n<p><a href=\"https:\/\/www.facebook.com\/CGPALOSREYES?mibextid=ZbWKwL\" target=\"_blank\" rel=\"noopener\">https:\/\/www.facebook.com\/CGPALOSREYES?mibextid=ZbWKwL<\/a>[\/vc_column_text][\/vc_column][\/vc_row]<\/p>\n<\/div>","protected":false},"excerpt":{"rendered":"<p>[vc_row][vc_column][vc_column_text css=&#8221;&#8221;] El C.G.P.A es una Entidad encaminada a apoyar la labor educativa del establecimiento, aportando esfuerzos y recursos para favorecer el desarrollo integral de nuestros hijos. \u00c9ste&#8230;<\/p>\n","protected":false},"author":1,"featured_media":0,"parent":6474,"menu_order":0,"comment_status":"closed","ping_status":"closed","template":"","meta":{"footnotes":"","_links_to":"","_links_to_target":""},"class_list":["post-6679","page","type-page","status-publish","hentry"],"_links":{"self":[{"href":"https:\/\/colegiolosreyes.cl\/sitio\/wp-json\/wp\/v2\/pages\/6679","targetHints":{"allow":["GET"]}}],"collection":[{"href":"https:\/\/colegiolosreyes.cl\/sitio\/wp-json\/wp\/v2\/pages"}],"about":[{"href":"https:\/\/colegiolosreyes.cl\/sitio\/wp-json\/wp\/v2\/types\/page"}],"author":[{"embeddable":true,"href":"https:\/\/colegiolosreyes.cl\/sitio\/wp-json\/wp\/v2\/users\/1"}],"replies":[{"embeddable":true,"href":"https:\/\/colegiolosreyes.cl\/sitio\/wp-json\/wp\/v2\/comments?post=6679"}],"version-history":[{"count":3,"href":"https:\/\/colegiolosreyes.cl\/sitio\/wp-json\/wp\/v2\/pages\/6679\/revisions"}],"predecessor-version":[{"id":6819,"href":"https:\/\/colegiolosreyes.cl\/sitio\/wp-json\/wp\/v2\/pages\/6679\/revisions\/6819"}],"up":[{"embeddable":true,"href":"https:\/\/colegiolosreyes.cl\/sitio\/wp-json\/wp\/v2\/pages\/6474"}],"wp:attachment":[{"href":"https:\/\/colegiolosreyes.cl\/sitio\/wp-json\/wp\/v2\/media?parent=6679"}],"curies":[{"name":"wp","href":"https:\/\/api.w.org\/{rel}","templated":true}]}}