{"id":6677,"date":"2024-05-17T02:46:43","date_gmt":"2024-05-17T02:46:43","guid":{"rendered":"https:\/\/colegiolosreyes.cl\/sitio\/?page_id=6677"},"modified":"2024-06-03T00:50:04","modified_gmt":"2024-06-03T00:50:04","slug":"centro-de-estudiantes-c-e-e","status":"publish","type":"page","link":"https:\/\/colegiolosreyes.cl\/sitio\/organizacion-institucional\/centro-de-estudiantes-c-e-e\/","title":{"rendered":"CENTRO DE ESTUDIANTES C.E.E."},"content":{"rendered":"<div class=\"wpb-content-wrapper\"><p>[vc_row][vc_column][vc_column_text css=&#8221;&#8221;]<\/p>\n<figure id=\"attachment_7034\" aria-describedby=\"caption-attachment-7034\" style=\"width: 730px\" class=\"wp-caption aligncenter\"><img loading=\"lazy\" decoding=\"async\" class=\"size-full wp-image-7034\" src=\"https:\/\/colegiolosreyes.cl\/sitio\/wp-content\/uploads\/2024\/06\/CEE.jpg\" alt=\"\" width=\"730\" height=\"400\" srcset=\"https:\/\/colegiolosreyes.cl\/sitio\/wp-content\/uploads\/2024\/06\/CEE.jpg 730w, https:\/\/colegiolosreyes.cl\/sitio\/wp-content\/uploads\/2024\/06\/CEE-300x164.jpg 300w\" sizes=\"auto, (max-width: 730px) 100vw, 730px\" \/><figcaption id=\"caption-attachment-7034\" class=\"wp-caption-text\">Centro de Estudiantes 2024<\/figcaption><\/figure>\n<table>\n<tbody>\n<tr>\n<td width=\"177\"><strong>Cargo<\/strong><\/td>\n<td width=\"184\"><strong>Estudiante<\/strong><\/td>\n<td width=\"80\"><strong>Curso<\/strong><\/td>\n<\/tr>\n<tr>\n<td width=\"177\">Presidente<\/td>\n<td width=\"184\">Gabriel Aguilar Henr\u00edquez<\/td>\n<td width=\"80\">4\u00b0 medio D<\/td>\n<\/tr>\n<tr>\n<td width=\"177\">Vicepresidente<\/td>\n<td width=\"184\">Axel Valenzuela Gonz\u00e1lez<\/td>\n<td width=\"80\">3\u00b0 medio D<\/td>\n<\/tr>\n<tr>\n<td width=\"177\">Secretaria ejecutiva<\/td>\n<td width=\"184\">Guianella Olavarr\u00eda Tapia<\/td>\n<td width=\"80\">3\u00b0 medio C<\/td>\n<\/tr>\n<tr>\n<td width=\"177\">Secretaria financiera<\/td>\n<td width=\"184\">Martina Henr\u00edquez O\u2019Ryan<\/td>\n<td width=\"80\">3\u00b0 medio A<\/td>\n<\/tr>\n<tr>\n<td width=\"177\">Delegada de Redes Sociales<\/td>\n<td width=\"184\">Maura Barraza Alvarado<\/td>\n<td width=\"80\">8\u00b0 b\u00e1sico B<\/td>\n<\/tr>\n<tr>\n<td width=\"177\">Delegado Deportes y Recreaci\u00f3n<\/td>\n<td width=\"184\">Pedro Monsalve S\u00e1nchez<\/td>\n<td width=\"80\">3\u00b0 medio B<\/td>\n<\/tr>\n<tr>\n<td width=\"177\">Delegada de Artes y Cultura<\/td>\n<td width=\"184\">Florencia Barr\u00eda D\u00edaz<\/td>\n<td width=\"80\">8\u00b0 b\u00e1sico B<\/td>\n<\/tr>\n<tr>\n<td width=\"177\">Delegado Medio Ambiente Escolar<\/td>\n<td width=\"184\">Maurice Marchant D\u2019Allencon<\/td>\n<td width=\"80\">4\u00b0 medio D<\/td>\n<\/tr>\n<tr>\n<td width=\"177\">Delegado de Convivencia Escolar<\/td>\n<td width=\"184\">Joaqu\u00edn Lemus Bascu\u00f1\u00e1n<\/td>\n<td width=\"80\">8\u00b0 b\u00e1sico A<\/td>\n<\/tr>\n<tr>\n<td width=\"177\">Delegada de Medios Audio-Visuales<\/td>\n<td width=\"184\">Fernanda Riquelme Lazo<\/p>\n<p>&nbsp;<\/td>\n<td width=\"80\">8\u00b0 b\u00e1sico B<\/td>\n<\/tr>\n<tr>\n<td width=\"177\">Delegado de Equidad y G\u00e9nero<\/td>\n<td width=\"184\">Sof\u00eda Orozco Pilgrin<\/td>\n<td width=\"80\">2\u00b0 medio C<\/td>\n<\/tr>\n<tr>\n<td width=\"177\">Profesor Asesor CEE<\/td>\n<td width=\"184\">Miguel Vald\u00e9s Caballero<\/td>\n<td width=\"80\"><\/td>\n<\/tr>\n<\/tbody>\n<\/table>\n<p><strong>Correo de contacto:\u00a0<\/strong><\/p>\n<p><a href=\"mailto:centro.estudiantes@colegiolosreyes.cl\">centro.estudiantes@colegiolosreyes.cl<\/a><\/p>\n<p><strong>Instagram:<\/strong><\/p>\n<p><a href=\"https:\/\/www.instagram.com\/cee_clr2024?igsh=ZTU2ZHF2bWVrNzNy\" target=\"_blank\" rel=\"noopener\">https:\/\/www.instagram.com\/cee_clr2024?igsh=ZTU2ZHF2bWVrNzNy<\/a>[\/vc_column_text][\/vc_column][\/vc_row]<\/p>\n<\/div>","protected":false},"excerpt":{"rendered":"<p>[vc_row][vc_column][vc_column_text css=&#8221;&#8221;] Cargo Estudiante Curso Presidente Gabriel Aguilar Henr\u00edquez 4\u00b0 medio D Vicepresidente Axel Valenzuela Gonz\u00e1lez 3\u00b0 medio D Secretaria ejecutiva Guianella Olavarr\u00eda Tapia 3\u00b0 medio C Secretaria&#8230;<\/p>\n","protected":false},"author":1,"featured_media":0,"parent":6474,"menu_order":0,"comment_status":"closed","ping_status":"closed","template":"","meta":{"footnotes":"","_links_to":"","_links_to_target":""},"class_list":["post-6677","page","type-page","status-publish","hentry"],"_links":{"self":[{"href":"https:\/\/colegiolosreyes.cl\/sitio\/wp-json\/wp\/v2\/pages\/6677","targetHints":{"allow":["GET"]}}],"collection":[{"href":"https:\/\/colegiolosreyes.cl\/sitio\/wp-json\/wp\/v2\/pages"}],"about":[{"href":"https:\/\/colegiolosreyes.cl\/sitio\/wp-json\/wp\/v2\/types\/page"}],"author":[{"embeddable":true,"href":"https:\/\/colegiolosreyes.cl\/sitio\/wp-json\/wp\/v2\/users\/1"}],"replies":[{"embeddable":true,"href":"https:\/\/colegiolosreyes.cl\/sitio\/wp-json\/wp\/v2\/comments?post=6677"}],"version-history":[{"count":6,"href":"https:\/\/colegiolosreyes.cl\/sitio\/wp-json\/wp\/v2\/pages\/6677\/revisions"}],"predecessor-version":[{"id":8096,"href":"https:\/\/colegiolosreyes.cl\/sitio\/wp-json\/wp\/v2\/pages\/6677\/revisions\/8096"}],"up":[{"embeddable":true,"href":"https:\/\/colegiolosreyes.cl\/sitio\/wp-json\/wp\/v2\/pages\/6474"}],"wp:attachment":[{"href":"https:\/\/colegiolosreyes.cl\/sitio\/wp-json\/wp\/v2\/media?parent=6677"}],"curies":[{"name":"wp","href":"https:\/\/api.w.org\/{rel}","templated":true}]}}