{"id":6675,"date":"2024-05-17T02:46:10","date_gmt":"2024-05-17T02:46:10","guid":{"rendered":"https:\/\/colegiolosreyes.cl\/sitio\/?page_id=6675"},"modified":"2025-04-29T19:49:49","modified_gmt":"2025-04-29T19:49:49","slug":"convivencia-escolar","status":"publish","type":"page","link":"https:\/\/colegiolosreyes.cl\/sitio\/organizacion-institucional\/convivencia-escolar\/","title":{"rendered":"CONVIVENCIA ESCOLAR"},"content":{"rendered":"<div class=\"wpb-content-wrapper\"><p>[vc_row][vc_column][vc_custom_heading text=&#8221;Comit\u00e9 asesor para la buena convivencia escolar&#8221; font_container=&#8221;tag:h2|text_align:left|color:%23dd3333&#8243; css=&#8221;&#8221;][vc_column_text css=&#8221;&#8221;]<\/p>\n<p style=\"text-align: justify;\">El Comit\u00e9 de la Buena Convivencia Escolar es una estructura creada por el colegio con presencia en\u00a0Sede Los Reyes, Sauce B\u00e1sica y Sauce Media, teniendo como tarea principal asesorar al ENCARGADO DE CONVIVENCIA ESCOLAR en la definici\u00f3n de pol\u00edticas de prevenci\u00f3n, en la capacitaci\u00f3n y conocimiento de la legislaci\u00f3n pertinente por parte\u00a0de profesores, apoderados y estudiantes y en la definici\u00f3n de\u00a0criterios para la soluci\u00f3n de conflictos escolares al interior de la comunidad educativa.<\/p>\n<p style=\"text-align: justify;\">El Comit\u00e9 analiza los casos que se presentan al Encargado de Convivencia Escolar y acuerda las acciones y los plazos que se seguir\u00e1n en cada uno, cuidando en todo momento de\u00a0seguir las normas y pasos se\u00f1alados por nuestro Reglamento Interno\u00a0y resguardando el debido proceso.<\/p>\n<table width=\"482\">\n<tbody>\n<tr>\n<td colspan=\"2\" width=\"482\"><strong>INTEGRANTES<\/strong><\/td>\n<\/tr>\n<tr>\n<td colspan=\"2\" width=\"482\"><strong>Comit\u00e9 de la Buena Convivencia Sede Los Reyes<\/strong><\/td>\n<\/tr>\n<tr>\n<td width=\"149\">Edith Urbina C\u00e1rcamo<\/td>\n<td width=\"333\">Inspectora General y encargada de Convivencia Escolar<\/td>\n<\/tr>\n<tr>\n<td width=\"149\">Lorena Cerda Castillo<\/td>\n<td width=\"333\">Orientadora<\/td>\n<\/tr>\n<tr>\n<td width=\"149\">German Morales Gonz\u00e1lez<\/td>\n<td width=\"333\">Psic\u00f3logo<\/td>\n<\/tr>\n<tr>\n<td colspan=\"2\" width=\"482\"><strong>Comit\u00e9 de la Buena Convivencia Sede El Sauce<\/strong><\/td>\n<\/tr>\n<tr>\n<td width=\"149\">Claudia V\u00e1squez N\u00fa\u00f1ez<\/td>\n<td width=\"333\">Inspectora General y Encargada de Convivencia Escolar<\/td>\n<\/tr>\n<tr>\n<td width=\"149\">Danixa Verdugo Garc\u00eda<\/td>\n<td width=\"333\">Orientadora<\/td>\n<\/tr>\n<tr>\n<td width=\"149\">Gissell Villal\u00f3n Torres<\/td>\n<td width=\"333\">Psic\u00f3loga<\/td>\n<\/tr>\n<tr>\n<td colspan=\"2\" width=\"482\"><strong>Comit\u00e9 de la Buena Convivencia Sede Luis Larco<\/strong><\/td>\n<\/tr>\n<tr>\n<td width=\"149\">Ra\u00fal Dur\u00e1n Ponce<\/td>\n<td width=\"333\">Inspector General y Encargado de Convivencia Escolar<\/td>\n<\/tr>\n<tr>\n<td width=\"149\">Marcela Ya\u00f1ez Ortega<\/td>\n<td width=\"333\">Profesor ayudante de Inspector\u00eda<\/td>\n<\/tr>\n<tr>\n<td width=\"149\">Edith San Mart\u00edn Salazar<\/td>\n<td width=\"333\">Orientadora<\/td>\n<\/tr>\n<tr>\n<td width=\"149\">Lilibeth Altamirano Pinela<\/td>\n<td width=\"333\">Psic\u00f3loga<\/td>\n<\/tr>\n<\/tbody>\n<\/table>\n<p>[\/vc_column_text][\/vc_column][\/vc_row]<\/p>\n<\/div>","protected":false},"excerpt":{"rendered":"<p>[vc_row][vc_column][vc_custom_heading text=&#8221;Comit\u00e9 asesor para la buena convivencia escolar&#8221; font_container=&#8221;tag:h2|text_align:left|color:%23dd3333&#8243; css=&#8221;&#8221;][vc_column_text css=&#8221;&#8221;] El Comit\u00e9 de la Buena Convivencia Escolar es una estructura creada por el colegio con presencia en\u00a0Sede&#8230;<\/p>\n","protected":false},"author":1,"featured_media":0,"parent":6474,"menu_order":0,"comment_status":"closed","ping_status":"closed","template":"","meta":{"footnotes":"","_links_to":"","_links_to_target":""},"class_list":["post-6675","page","type-page","status-publish","hentry"],"_links":{"self":[{"href":"https:\/\/colegiolosreyes.cl\/sitio\/wp-json\/wp\/v2\/pages\/6675","targetHints":{"allow":["GET"]}}],"collection":[{"href":"https:\/\/colegiolosreyes.cl\/sitio\/wp-json\/wp\/v2\/pages"}],"about":[{"href":"https:\/\/colegiolosreyes.cl\/sitio\/wp-json\/wp\/v2\/types\/page"}],"author":[{"embeddable":true,"href":"https:\/\/colegiolosreyes.cl\/sitio\/wp-json\/wp\/v2\/users\/1"}],"replies":[{"embeddable":true,"href":"https:\/\/colegiolosreyes.cl\/sitio\/wp-json\/wp\/v2\/comments?post=6675"}],"version-history":[{"count":5,"href":"https:\/\/colegiolosreyes.cl\/sitio\/wp-json\/wp\/v2\/pages\/6675\/revisions"}],"predecessor-version":[{"id":7994,"href":"https:\/\/colegiolosreyes.cl\/sitio\/wp-json\/wp\/v2\/pages\/6675\/revisions\/7994"}],"up":[{"embeddable":true,"href":"https:\/\/colegiolosreyes.cl\/sitio\/wp-json\/wp\/v2\/pages\/6474"}],"wp:attachment":[{"href":"https:\/\/colegiolosreyes.cl\/sitio\/wp-json\/wp\/v2\/media?parent=6675"}],"curies":[{"name":"wp","href":"https:\/\/api.w.org\/{rel}","templated":true}]}}