{"id":6567,"date":"2024-05-17T02:20:41","date_gmt":"2024-05-17T02:20:41","guid":{"rendered":"https:\/\/colegiolosreyes.cl\/sitio\/?page_id=6567"},"modified":"2025-05-13T15:41:42","modified_gmt":"2025-05-13T15:41:42","slug":"sede-luis-larco","status":"publish","type":"page","link":"https:\/\/colegiolosreyes.cl\/sitio\/atencion-de-profesores\/sede-luis-larco\/","title":{"rendered":"SEDE LUIS LARCO"},"content":{"rendered":"<div class=\"wpb-content-wrapper\"><p>[vc_row][vc_column][vc_custom_heading text=&#8221;Horario de atenci\u00f3n de apoderados Sede Luis Larco&#8221; font_container=&#8221;tag:h2|text_align:left|color:%23dd3333&#8243; css=&#8221;&#8221;][vc_column_text css=&#8221;&#8221;]<\/p>\n<p style=\"text-align: justify;\">La hora de atenci\u00f3n de apoderados se har\u00e1 efectiva solo una vez que se haya coordinado con el docente a trav\u00e9s del correo institucional.<\/p>\n<p style=\"text-align: justify;\"><strong>Recuerde que debe utilizar\u00a0 el formato del correo institucional de cada profesor que consta de :<\/strong><\/p>\n<p style=\"text-align: justify;\"><strong><a href=\"mailto:nombre.apellido@colegiolosreyes.cl\">nombre.apellido@colegiolosreyes.cl<\/a><\/strong><\/p>\n<table width=\"453\">\n<tbody>\n<tr>\n<td width=\"18\">N\u00b0<\/td>\n<td width=\"89\">PATERNO<\/td>\n<td width=\"82\">MATERNO<\/td>\n<td width=\"100\">NOMBRE<\/td>\n<td colspan=\"2\" width=\"164\">HORA ATENCI\u00d3N<\/td>\n<\/tr>\n<tr>\n<td>1<\/td>\n<td>ACEVEDO<\/td>\n<td>G\u00d3MEZ<\/td>\n<td>NATALIA<\/td>\n<td>Lunes<\/td>\n<td>15:00 a 16:30<\/td>\n<\/tr>\n<tr>\n<td>2<\/td>\n<td>ALCAIDE<\/td>\n<td>VEGA<\/td>\n<td>LISSETTE<\/td>\n<td>Mi\u00e9coles y Jueves<\/td>\n<td>13:20 a 14:05<\/td>\n<\/tr>\n<tr>\n<td>3<\/td>\n<td>AREVALO<\/td>\n<td>FIGUEROA<\/td>\n<td>VICTORIA<\/td>\n<td>Mi\u00e9rcoles<\/td>\n<td>11:40 a 13:10<\/td>\n<\/tr>\n<tr>\n<td>4<\/td>\n<td>ARREDONDO<\/td>\n<td>ZAVALA<\/td>\n<td>EDITH<\/td>\n<td>Lunes<\/td>\n<td>15:00 a 16:30<\/td>\n<\/tr>\n<tr>\n<td>5<\/td>\n<td>AVILA<\/td>\n<td>RUSTICHELLI<\/td>\n<td>MARCELA PAZ<\/td>\n<td>Lunes<\/td>\n<td>08:00 a 09:40<\/td>\n<\/tr>\n<tr>\n<td>6<\/td>\n<td>BARRUETO<\/td>\n<td>VEGA<\/td>\n<td>MAURICIO<\/td>\n<td>Martes<\/td>\n<td>09:55 a 11:25<\/td>\n<\/tr>\n<tr>\n<td>7<\/td>\n<td>CANCINO<\/td>\n<td>LOPEZ<\/td>\n<td>MARCELA<\/td>\n<td>Lunes<\/td>\n<td>09:55 a 11:25<\/td>\n<\/tr>\n<tr>\n<td>8<\/td>\n<td>CARCAMO<\/td>\n<td>MAUREIRA<\/td>\n<td>DANIELA<\/td>\n<td>Mi\u00e9rcoles<\/td>\n<td>09:55 a 11:25<\/td>\n<\/tr>\n<tr>\n<td>9<\/td>\n<td>CASTILLO<\/td>\n<td>TIRADO<\/td>\n<td>PAMELA<\/td>\n<td>Lunes<\/td>\n<td>15:00 a 16:30<\/td>\n<\/tr>\n<tr>\n<td>##<\/td>\n<td>CH\u00c1VEZ<\/td>\n<td>ROJAS<\/td>\n<td>\u00c1MBAR<\/td>\n<td>Jueves<\/td>\n<td>09:55 a 10:40<\/td>\n<\/tr>\n<tr>\n<td>##<\/td>\n<td>CUEVAS<\/td>\n<td>FLORIDO<\/td>\n<td>PABLO<\/td>\n<td>Lunes<\/td>\n<td>09:55 a 11:25<\/td>\n<\/tr>\n<tr>\n<td>##<\/td>\n<td>GARC\u00cdA<\/td>\n<td>GONZ\u00c1LEZ<\/td>\n<td>\u00c1LVARO<\/td>\n<td>Mi\u00e9rcoles<\/td>\n<td>11:40 a 12:25<\/td>\n<\/tr>\n<tr>\n<td>##<\/td>\n<td>GUERRERO<\/td>\n<td>URQUIETA<\/td>\n<td>KATHERINE<\/td>\n<td>Martes<\/td>\n<td>09:55 a 10:40<\/td>\n<\/tr>\n<tr>\n<td>##<\/td>\n<td>GONZ\u00c1LEZ<\/td>\n<td>CARRASCO<\/td>\n<td>PATRICIA<\/td>\n<td>Lunes<\/td>\n<td>11:40 a 12:25<\/td>\n<\/tr>\n<tr>\n<td>##<\/td>\n<td>HERRERA<\/td>\n<td>VERGARA<\/td>\n<td>ROMINA<\/td>\n<td>Martes<\/td>\n<td>15:00 a 16:30<\/td>\n<\/tr>\n<tr>\n<td>##<\/td>\n<td>JARA<\/td>\n<td>BRUZZONE<\/td>\n<td>CLAUDIA<\/td>\n<td>Jueves<\/td>\n<td>11:40 a 13:10<\/td>\n<\/tr>\n<tr>\n<td>##<\/td>\n<td>LARRONDO<\/td>\n<td>VICENCIO<\/td>\n<td>PATRICIO<\/td>\n<td>Martes<\/td>\n<td>13:20 a 14:05<\/td>\n<\/tr>\n<tr>\n<td>##<\/td>\n<td>LE\u00d3N<\/td>\n<td>ROJAS<\/td>\n<td>ISIDORA<\/td>\n<td>Lunes<\/td>\n<td>13:20 a 14:05<\/td>\n<\/tr>\n<tr>\n<td>##<\/td>\n<td>LUCERO<\/td>\n<td>GALVEZ<\/td>\n<td>ANTONIA<\/td>\n<td>Lunes<\/td>\n<td>15:00 a 16:30<\/td>\n<\/tr>\n<tr>\n<td>##<\/td>\n<td>LUNA<\/td>\n<td>ALDUNCE<\/td>\n<td>NICOLE<\/td>\n<td>Mi\u00e9rcoles<\/td>\n<td>09:55 a 11:25<\/td>\n<\/tr>\n<tr>\n<td>##<\/td>\n<td>MANRIQUEZ<\/td>\n<td>GUENANTE<\/td>\n<td>MARIELA<\/td>\n<td>Lunes<\/td>\n<td>15:00 a 16:30<\/td>\n<\/tr>\n<tr>\n<td>##<\/td>\n<td>MONTENEGRO<\/td>\n<td>INOSTROZA<\/td>\n<td>CARLOS<\/td>\n<td>Martes<\/td>\n<td>09:55 a 11:25<\/td>\n<\/tr>\n<tr>\n<td>##<\/td>\n<td>MORA<\/td>\n<td>DUR\u00c1N<\/td>\n<td>KATHERINE<\/td>\n<td>Martes<\/td>\n<td>11:40 a 13:10<\/td>\n<\/tr>\n<tr>\n<td>##<\/td>\n<td>NAVARRO<\/td>\n<td>ILLANES<\/td>\n<td>CAROLA<\/td>\n<td>Mi\u00e9rcoles<\/td>\n<td>09:55 a 11:25<\/td>\n<\/tr>\n<tr>\n<td>##<\/td>\n<td>OLMOS<\/td>\n<td>VALDEBENITO<\/td>\n<td>VALERIA<\/td>\n<td>Martes<\/td>\n<td>15:00 a 16:30<\/td>\n<\/tr>\n<tr>\n<td>##<\/td>\n<td>QUINTANILLA<\/td>\n<td>CAROCA<\/td>\n<td>JHON<\/td>\n<td>Martes<\/td>\n<td>11:40 a 12:25<\/td>\n<\/tr>\n<tr>\n<td>##<\/td>\n<td>SANDOVAL<\/td>\n<td>RAM\u00cdREZ<\/td>\n<td>CAROLINA<\/td>\n<td>Lunes<\/td>\n<td>11:40 a 13:10<\/td>\n<\/tr>\n<tr>\n<td>##<\/td>\n<td>SEP\u00daLVEDA<\/td>\n<td>RODR\u00cdGUEZ<\/td>\n<td>SERVANDO<\/td>\n<td>Lunes<\/td>\n<td>11:40 a 12.25<\/td>\n<\/tr>\n<tr>\n<td>##<\/td>\n<td>SOL\u00cdS<\/td>\n<td>MART\u00cdNEZ<\/td>\n<td>INGRID<\/td>\n<td>Lunes<\/td>\n<td>11:40 a 12:25<\/td>\n<\/tr>\n<tr>\n<td>##<\/td>\n<td>TAPIA<\/td>\n<td>OVALLE<\/td>\n<td>ALVARO<\/td>\n<td>Jueves<\/td>\n<td>09:55 a 11:25<\/td>\n<\/tr>\n<tr>\n<td>##<\/td>\n<td>TOLEDO<\/td>\n<td>OLAVARR\u00cdA<\/td>\n<td>MAURICIO<\/td>\n<td>Martes<\/td>\n<td>10:40 a 11:40<\/td>\n<\/tr>\n<tr>\n<td>##<\/td>\n<td>ULLOA<\/td>\n<td>CABALLERO<\/td>\n<td>VALENTINA<\/td>\n<td>Martes<\/td>\n<td>11:40 a 13:10<\/td>\n<\/tr>\n<tr>\n<td>##<\/td>\n<td>URETA<\/td>\n<td>ARAOS<\/td>\n<td>CARLA<\/td>\n<td>Mi\u00e9rcoles<\/td>\n<td>10:40 a 11:25<\/td>\n<\/tr>\n<tr>\n<td>##<\/td>\n<td>VALD\u00c9S<\/td>\n<td>CABALLERO<\/td>\n<td>MIGUEL<\/td>\n<td>Lunes<\/td>\n<td>15:00 a 16:30<\/td>\n<\/tr>\n<tr>\n<td>##<\/td>\n<td>VALENZUELA<\/td>\n<td>BERRIOS<\/td>\n<td>REBECA<\/td>\n<td>Jueves<\/td>\n<td>09:55 a 11:25<\/td>\n<\/tr>\n<tr>\n<td>##<\/td>\n<td>VILLAGRAN<\/td>\n<td>OLIVARES<\/td>\n<td>ANGELO<\/td>\n<td>Jueves<\/td>\n<td>09:55 a 11:25<\/td>\n<\/tr>\n<tr>\n<td>##<\/td>\n<td>YA\u00d1EZ<\/td>\n<td>ORTEGA<\/td>\n<td>MARCELA<\/td>\n<td>Mi\u00e9rcoles<\/td>\n<td>09:55 a 11:25<\/td>\n<\/tr>\n<tr>\n<td>##<\/td>\n<td>Z\u00da\u00d1IGA<\/td>\n<td>ARANDA<\/td>\n<td>GAST\u00d3N<\/td>\n<td>Mi\u00e9rcoles<\/td>\n<td>10:40 A 11:40<\/td>\n<\/tr>\n<tr>\n<td>##<\/td>\n<td>AGURTO<\/td>\n<td>MANZOR<\/td>\n<td>JESSICA<\/td>\n<td>Lunes<\/td>\n<td>15:00 a 16:30<\/td>\n<\/tr>\n<\/tbody>\n<\/table>\n<p>[\/vc_column_text][\/vc_column][\/vc_row]<\/p>\n<\/div>","protected":false},"excerpt":{"rendered":"<p>[vc_row][vc_column][vc_custom_heading text=&#8221;Horario de atenci\u00f3n de apoderados Sede Luis Larco&#8221; font_container=&#8221;tag:h2|text_align:left|color:%23dd3333&#8243; css=&#8221;&#8221;][vc_column_text css=&#8221;&#8221;] La hora de atenci\u00f3n de apoderados se har\u00e1 efectiva solo una vez que se haya coordinado&#8230;<\/p>\n","protected":false},"author":1,"featured_media":0,"parent":6482,"menu_order":0,"comment_status":"closed","ping_status":"closed","template":"","meta":{"footnotes":"","_links_to":"","_links_to_target":""},"class_list":["post-6567","page","type-page","status-publish","hentry"],"_links":{"self":[{"href":"https:\/\/colegiolosreyes.cl\/sitio\/wp-json\/wp\/v2\/pages\/6567","targetHints":{"allow":["GET"]}}],"collection":[{"href":"https:\/\/colegiolosreyes.cl\/sitio\/wp-json\/wp\/v2\/pages"}],"about":[{"href":"https:\/\/colegiolosreyes.cl\/sitio\/wp-json\/wp\/v2\/types\/page"}],"author":[{"embeddable":true,"href":"https:\/\/colegiolosreyes.cl\/sitio\/wp-json\/wp\/v2\/users\/1"}],"replies":[{"embeddable":true,"href":"https:\/\/colegiolosreyes.cl\/sitio\/wp-json\/wp\/v2\/comments?post=6567"}],"version-history":[{"count":9,"href":"https:\/\/colegiolosreyes.cl\/sitio\/wp-json\/wp\/v2\/pages\/6567\/revisions"}],"predecessor-version":[{"id":8066,"href":"https:\/\/colegiolosreyes.cl\/sitio\/wp-json\/wp\/v2\/pages\/6567\/revisions\/8066"}],"up":[{"embeddable":true,"href":"https:\/\/colegiolosreyes.cl\/sitio\/wp-json\/wp\/v2\/pages\/6482"}],"wp:attachment":[{"href":"https:\/\/colegiolosreyes.cl\/sitio\/wp-json\/wp\/v2\/media?parent=6567"}],"curies":[{"name":"wp","href":"https:\/\/api.w.org\/{rel}","templated":true}]}}