{"id":6532,"date":"2024-05-17T01:06:35","date_gmt":"2024-05-17T01:06:35","guid":{"rendered":"https:\/\/colegiolosreyes.cl\/sitio\/?page_id=6532"},"modified":"2024-06-12T13:45:20","modified_gmt":"2024-06-12T13:45:20","slug":"objetivos-institucionales","status":"publish","type":"page","link":"https:\/\/colegiolosreyes.cl\/sitio\/nosotros\/objetivos-institucionales\/","title":{"rendered":"OBJETIVOS INSTITUCIONALES"},"content":{"rendered":"<div class=\"wpb-content-wrapper\"><p>[vc_row][vc_column][vc_custom_heading text=&#8221;Colegio Los Reyes se ha propuesto los siguientes objetivos como metas a lograr:&#8221; font_container=&#8221;tag:h2|text_align:left|color:%231e73be&#8221; css=&#8221;&#8221;][vc_column_text css=&#8221;&#8221;]<\/p>\n<ol>\n<li style=\"text-align: justify;\">Hacer realidad la educaci\u00f3n integral estimulando el desarrollo de todos los aspectos de la personalidad del educando desde la educaci\u00f3n parvularia hasta cuarto a\u00f1o medio.<\/li>\n<li style=\"text-align: justify;\">Desarrollar la creatividad y la imaginaci\u00f3n en todas las \u00e1reas del saber, fundamentalmente en artes visuales, m\u00fasica, lenguaje y matem\u00e1ticas a partir de Pre Kinder.<\/li>\n<li style=\"text-align: justify;\">Complementar la formaci\u00f3n de los alumnos mediante un programa de actividades curriculares de libre elecci\u00f3n de car\u00e1cter obligatorio en deportes, por su alto poder formativo, incentivando en los estudiantes la actividad f\u00edsica como parte integral de un proyecto de vida saludable.<\/li>\n<li style=\"text-align: justify;\">Privilegiar el desarrollo moral de los educandos como pilar de vida y de compromiso social, centrados en el respeto, la responsabilidad, la honestidad y la autonom\u00eda, mediante una orientaci\u00f3n permanente sustentada en valores<strong> cristianos<\/strong>.<\/li>\n<li style=\"text-align: justify;\">Estimular el desarrollo vocacional de los alumnos, desde quinto b\u00e1sico a octavo b\u00e1sico y, en Ense\u00f1anza Media, centrado en su futuro profesional.<\/li>\n<li style=\"text-align: justify;\">Organizar actividades, iniciativas y programas que promuevan en las y los estudiantes el ejercicio de una ciudadan\u00eda responsable, cr\u00edtica y participativa.<\/li>\n<li style=\"text-align: justify;\">Fortalecer en todos los niveles, instancias y estamentos educativos la aplicaci\u00f3n del concepto de trabajo colaborativo y en equipo, en esp\u00edritu y actitud, en forma sistem\u00e1tica y permanente.<\/li>\n<li style=\"text-align: justify;\">Cubrir los programas de estudio al ciento por ciento en las distintas disciplinas que aborda el curr\u00edculo, poniendo \u00e9nfasis en el logro de las habilidades que demanda cada nivel.<\/li>\n<li style=\"text-align: justify;\">Enfrentar los desaf\u00edos de aprendizaje mediante una oportuna detecci\u00f3n de las dificultades de las y los estudiantes, recurriendo al apoyo de la familia y al trabajo de reforzamiento educativo organizado para atender alumnos desde primer a\u00f1o b\u00e1sico hasta cuarto a\u00f1o medio a trav\u00e9s del Proyecto <strong>Talleres de Recuperaci\u00f3n de aprendizaje.<\/strong><\/li>\n<li style=\"text-align: justify;\">Aprender a humanizar el uso de los recursos tecnol\u00f3gicos y de informaci\u00f3n, poni\u00e9ndolos al servicio de la vida.<\/li>\n<li>Relacionarse con la organizaci\u00f3n de los padres y apoderados en sus distintos niveles, de modo de complementarnos en la construcci\u00f3n de una cultura de colaboraci\u00f3n que nos permita aunar esfuerzos y acciones en pos de una educaci\u00f3n cada vez m\u00e1s s\u00f3lida y efectiva para nuestros educandos.<\/li>\n<li>Orientar las acciones, iniciativas y programas que promuevan y fomenten la comprensi\u00f3n y el desarrollo de una convivencia escolar inclusiva, participativa, solidaria, tolerante, pac\u00edfica y respetuosa, en un marco de equidad de g\u00e9nero y con enfoque de derechos.<\/li>\n<\/ol>\n<p>[\/vc_column_text][\/vc_column][\/vc_row]<\/p>\n<\/div>","protected":false},"excerpt":{"rendered":"<p>[vc_row][vc_column][vc_custom_heading text=&#8221;Colegio Los Reyes se ha propuesto los siguientes objetivos como metas a lograr:&#8221; font_container=&#8221;tag:h2|text_align:left|color:%231e73be&#8221; css=&#8221;&#8221;][vc_column_text css=&#8221;&#8221;] Hacer realidad la educaci\u00f3n integral estimulando el desarrollo de todos los&#8230;<\/p>\n","protected":false},"author":1,"featured_media":0,"parent":6468,"menu_order":0,"comment_status":"closed","ping_status":"closed","template":"","meta":{"footnotes":"","_links_to":"","_links_to_target":""},"class_list":["post-6532","page","type-page","status-publish","hentry"],"_links":{"self":[{"href":"https:\/\/colegiolosreyes.cl\/sitio\/wp-json\/wp\/v2\/pages\/6532","targetHints":{"allow":["GET"]}}],"collection":[{"href":"https:\/\/colegiolosreyes.cl\/sitio\/wp-json\/wp\/v2\/pages"}],"about":[{"href":"https:\/\/colegiolosreyes.cl\/sitio\/wp-json\/wp\/v2\/types\/page"}],"author":[{"embeddable":true,"href":"https:\/\/colegiolosreyes.cl\/sitio\/wp-json\/wp\/v2\/users\/1"}],"replies":[{"embeddable":true,"href":"https:\/\/colegiolosreyes.cl\/sitio\/wp-json\/wp\/v2\/comments?post=6532"}],"version-history":[{"count":4,"href":"https:\/\/colegiolosreyes.cl\/sitio\/wp-json\/wp\/v2\/pages\/6532\/revisions"}],"predecessor-version":[{"id":6816,"href":"https:\/\/colegiolosreyes.cl\/sitio\/wp-json\/wp\/v2\/pages\/6532\/revisions\/6816"}],"up":[{"embeddable":true,"href":"https:\/\/colegiolosreyes.cl\/sitio\/wp-json\/wp\/v2\/pages\/6468"}],"wp:attachment":[{"href":"https:\/\/colegiolosreyes.cl\/sitio\/wp-json\/wp\/v2\/media?parent=6532"}],"curies":[{"name":"wp","href":"https:\/\/api.w.org\/{rel}","templated":true}]}}