{"id":6528,"date":"2024-05-17T01:05:30","date_gmt":"2024-05-17T01:05:30","guid":{"rendered":"https:\/\/colegiolosreyes.cl\/sitio\/?page_id=6528"},"modified":"2024-06-19T02:10:03","modified_gmt":"2024-06-19T02:10:03","slug":"breve-historia-del-colegio","status":"publish","type":"page","link":"https:\/\/colegiolosreyes.cl\/sitio\/nosotros\/breve-historia-del-colegio\/","title":{"rendered":"BREVE HISTORIA DEL COLEGIO"},"content":{"rendered":"<div class=\"wpb-content-wrapper\"><p>[vc_row][vc_column][vc_custom_heading text=&#8221;ORIGEN Y DESARROLLO DE COLEGIO LOS REYES&#8221; font_container=&#8221;tag:h2|text_align:left|color:%23dd3333&#8243; css=&#8221;&#8221;][vc_separator css=&#8221;&#8221;][\/vc_column][\/vc_row][vc_row][vc_column][vc_column_text css=&#8221;&#8221;]<\/p>\n<p style=\"text-align: justify;\">Fue la Sociedad Educacional Jamaby Limitada, integrada por Jaime Baeza Zet, Margarita Zet Sol\u00eds y Gabriela Baeza Zet, la que asumi\u00f3 la creaci\u00f3n legal y puesta en marcha de esta instituci\u00f3n educativa con domicilio oficial en Avenida Los Reyes 1301 esquina el Ocaso y que inicia sus actividades el 3 de marzo de 1995 con cuatro cursos de educaci\u00f3n parvularia y dos cursos por cada nivel de primero a octavo de ense\u00f1anza b\u00e1sica. El primer director y co-creador del Colegio Los Reyes, fue Federico Orlando Baeza Abarca.<\/p>\n<p style=\"text-align: justify;\">La belleza y seguridad que ofrece la construcci\u00f3n, la calidad del trabajo docente y la novedosa propuesta educativa lograron generar una gran confianza en la comunidad de El Belloto y pronto el colegio se vio enfrentado a la necesidad de ampliar sus dependencias para seguir con su tarea educativa.<\/p>\n<p style=\"text-align: justify;\">El a\u00f1o 2000 se inaugura, en solemne ceremonia y con presencia de las m\u00e1s altas autoridades regionales y locales, una nueva sede del Colegio Los Reyes. Por su ubicaci\u00f3n y por la tradici\u00f3n de nombres arraigados profundamente en el sector, la nueva construcci\u00f3n toma el nombre de Sede El Sauce, para diferenciarla del edificio matriz que pasa a tomar el nombre de Sede Los Reyes.<\/p>\n<p style=\"text-align: justify;\">En la actualidad, Colegio Los Reyes cuenta con tres sedes que funcionan en edificaciones independientes pero cercanas entre s\u00ed.<\/p>\n<p style=\"text-align: justify;\"><strong><img loading=\"lazy\" decoding=\"async\" class=\"alignright size-medium wp-image-7275\" src=\"https:\/\/colegiolosreyes.cl\/sitio\/wp-content\/uploads\/2024\/06\/Edificio-Los-Reyes-1-300x203.jpg\" alt=\"\" width=\"300\" height=\"203\" srcset=\"https:\/\/colegiolosreyes.cl\/sitio\/wp-content\/uploads\/2024\/06\/Edificio-Los-Reyes-1-300x203.jpg 300w, https:\/\/colegiolosreyes.cl\/sitio\/wp-content\/uploads\/2024\/06\/Edificio-Los-Reyes-1.jpg 631w\" sizes=\"auto, (max-width: 300px) 100vw, 300px\" \/>SEDE LOS REYES. <\/strong><\/p>\n<p style=\"text-align: justify;\">Direcci\u00f3n: Avenida Los Reyes 1301.<\/p>\n<p style=\"text-align: justify;\">Atiende Educaci\u00f3n Parvularia y los cursos desde Primero a Cuarto b\u00e1sico.<\/p>\n<p style=\"text-align: justify;\"><strong>Sede Los Reyes <\/strong>tiene dos sectores construidos. Uno con dos pisos y otro con tres pisos, en donde el tercero est\u00e1 destinado a comedor de los estudiantes con Jornada Escolar Completa que sirve tambi\u00e9n como sala de reuniones de docentes de todo el colegio. Se cuenta con un amplio escenario, dos patios techados, biblioteca, sala de computaci\u00f3n y comedor de estudiantes<\/p>\n<p style=\"text-align: justify;\"><strong><img loading=\"lazy\" decoding=\"async\" class=\"alignright size-medium wp-image-7276\" src=\"https:\/\/colegiolosreyes.cl\/sitio\/wp-content\/uploads\/2024\/06\/Edificio-EL-Sauce-2-300x188.jpg\" alt=\"\" width=\"300\" height=\"188\" srcset=\"https:\/\/colegiolosreyes.cl\/sitio\/wp-content\/uploads\/2024\/06\/Edificio-EL-Sauce-2-300x188.jpg 300w, https:\/\/colegiolosreyes.cl\/sitio\/wp-content\/uploads\/2024\/06\/Edificio-EL-Sauce-2.jpg 630w\" sizes=\"auto, (max-width: 300px) 100vw, 300px\" \/>SEDE EL SAUCE <\/strong><\/p>\n<p style=\"text-align: justify;\">Direcci\u00f3n: El Ocaso 651.<\/p>\n<p style=\"text-align: justify;\">Atiende cursos desde Cuarto a Sexto B\u00e1sico.<\/p>\n<p style=\"text-align: justify;\"><strong>Sede El Sauce<\/strong>, inaugurada el a\u00f1o 2019, cuenta con una imponente edificaci\u00f3n de tres pisos para albergar los cursos desde cuarto a sexto b\u00e1sico. Cuenta con un extenso patio abierto y tambi\u00e9n con un amplio patio techado que sirve a la realizaci\u00f3n de clases de educaci\u00f3n f\u00edsica, de pr\u00e1cticas deportivas y para la realizaci\u00f3n de actos culturales y celebraciones escolares de variado tipo.<\/p>\n<p style=\"text-align: justify;\"><strong><img loading=\"lazy\" decoding=\"async\" class=\"alignright size-medium wp-image-7277\" src=\"https:\/\/colegiolosreyes.cl\/sitio\/wp-content\/uploads\/2024\/06\/Edificio-Luis-Larco-1-300x201.jpg\" alt=\"\" width=\"300\" height=\"201\" srcset=\"https:\/\/colegiolosreyes.cl\/sitio\/wp-content\/uploads\/2024\/06\/Edificio-Luis-Larco-1-300x201.jpg 300w, https:\/\/colegiolosreyes.cl\/sitio\/wp-content\/uploads\/2024\/06\/Edificio-Luis-Larco-1-540x360.jpg 540w, https:\/\/colegiolosreyes.cl\/sitio\/wp-content\/uploads\/2024\/06\/Edificio-Luis-Larco-1.jpg 630w\" sizes=\"auto, (max-width: 300px) 100vw, 300px\" \/>SEDE LUIS LARCO<\/strong><\/p>\n<p style=\"text-align: justify;\">Acceso Sector Oriente:\u00a0\u00a0 El Ocaso 585<\/p>\n<p style=\"text-align: justify;\">Acceso sector Poniente: El Alba 700<\/p>\n<p style=\"text-align: justify;\">Atiende cursos desde S\u00e9ptimo B\u00e1sico hasta Cuarto A\u00f1o Medio.<\/p>\n<p style=\"text-align: justify;\"><strong>Sede Luis Larco<\/strong>, inaugurada el a\u00f1o 2.000 con el nombre de Sede El Sauce,\u00a0\u00a0 toma su nombre actual del profesor Luis Larco Hermosilla, quien se integr\u00f3 al colegio el a\u00f1o 1995 desde su fundaci\u00f3n. El profesor termin\u00f3 sus actividades profesionales con el cargo de subdirector del colegio a fines del a\u00f1o 2022 fecha en que se le despidi\u00f3 con un significativo homenaje y se otorg\u00f3 su nombre a la Sede en que se desempe\u00f1\u00f3 por m\u00e1s de 20 a\u00f1os.<\/p>\n<p style=\"text-align: justify;\">El edificio principal cuenta con una edificaci\u00f3n de dos pisos para albergar a los estudiantes desde s\u00e9ptimo b\u00e1sico a cuarto a\u00f1o medio, un patio abierto, dos patios techados de gran capacidad, un gimnasio techado y cerrado que se presta bien para las clases de educaci\u00f3n f\u00edsica, pr\u00e1cticas deportivas y con la suficiente capacidad y comodidad para recibir a la poblaci\u00f3n estudiantil en actos de car\u00e1cter art\u00edstico cultural organizados por el colegio, por el Centro General de Padres y Apoderados o por el Centro de Estudiantes.<\/p>\n<p style=\"text-align: justify;\">A contar del a\u00f1o 2016 se estableci\u00f3 un convenio con el Club \u201cEl Sauce\u201d que permitir\u00e1 contar con una cancha de f\u00fatbol reglamentaria, de pasto sint\u00e9tico, para las actividades deportivas y de educaci\u00f3n f\u00edsica de los estudiantes de nuestro colegio.<\/p>\n<p style=\"text-align: justify;\">Desde sus inicios, Colegio Los Reyes se plante\u00f3 como un colegio de educaci\u00f3n integral, otorg\u00e1ndole igual rango formativo y de vital importancia al deporte y a las actividades art\u00edsticas y culturales. Con ese prop\u00f3sito se han creado y mantenido funcionado en forma continua y sistem\u00e1tica las Ramas y Talleres Deportivos, Art\u00edsticos, Cient\u00edficos y Tecnol\u00f3gicos.<\/p>\n<p style=\"text-align: justify;\">Estas actividades han sido posibles gracias a la gentileza y el apoyo concreto y decidido de las universidades amigas, Universidad T\u00e9cnica Federico Santa Mar\u00eda, La Pontificia Universidad Cat\u00f3lica de Valpara\u00edso, Universidad Andr\u00e9s Bello.<\/p>\n<p style=\"text-align: justify;\">En el \u00e1mbito acad\u00e9mico hay que destacar que contamos ya con cuatro estudiantes que han alcanzado puntaje nacional en la P.S.U. y muchos otros que a\u00f1o tras a\u00f1o han aspirado a lo mismo y se han empinado por sobre los 780 puntos.<\/p>\n<p style=\"text-align: justify;\">Sabemos hoy, a ciencia cierta, que una gran cantidad de estudiantes egresados de nuestro establecimiento se desempe\u00f1an como profesionales destacados en distintos \u00e1mbitos del saber, la cultura y el deporte.<\/p>\n<p style=\"text-align: justify;\">Profesores de Colegio Los Reyes han recibido distinciones nacionales en educaci\u00f3n y, para dicha nuestra, esta ansia y anhelo de ser siempre mejores ha llevado a nuestros docentes a postularse a la Acreditaci\u00f3n de Excelencia Pedag\u00f3gica, conocida como AEP, siendo hasta ahora catorce los docentes que han alcanzado este preciado reconocimiento acad\u00e9mico que otorga el Ministerio de Educaci\u00f3n de Chile.<\/p>\n<p style=\"text-align: justify;\">No es, pues, casualidad, que el colegio haya sido clasificado en el a\u00f1o 2014 como Colegio de Alto Rendimiento y que haya obtenido, por siete veces consecutivas (y un total de catorce a\u00f1os), el reconocimiento del ministerio de Educaci\u00f3n a trav\u00e9s del Sistema Nacional de Evaluaci\u00f3n de Desempe\u00f1o de los Establecimientos Subvencionados, m\u00e1s conocido por su sigla SNED.<\/p>\n<p style=\"text-align: justify;\"><em>\u201cLast but not least\u201d<\/em>, unas palabras para quienes, al confiarnos lo m\u00e1s preciado de sus vidas, sus hijas e hijos, han permitido a este colegio alcanzar la estatura y la presencia que tiene hoy en nuestra comunidad. El respeto y confianza otorgado por las familias, por las madres y por los padres, a nuestro Proyecto Educativo, a nuestros docentes y directivos, ha sido esencial para seguir tras el sue\u00f1o de alcanzar la mayor excelencia educativa posible.<\/p>\n<p style=\"text-align: justify;\">La organizaci\u00f3n de la comunidad de madres y padres, a trav\u00e9s del Centro General de Padres, ha generado una red important\u00edsima de liderazgos que ha sido un apoyo invaluable en la construcci\u00f3n de la identidad de nuestra instituci\u00f3n. A los padres y madres que han asumido la direcci\u00f3n de los cursos y a todos aquellos que, a lo largo de nuestra historia, han asumido la conducci\u00f3n del Centro General de Padres y Apoderados o se han hecho cargo de asumir las directivas de los Sub Centros de Padres y Apoderados, expresamos nuestro reconocimiento por su generosidad entra\u00f1able que no olvidamos ni olvidaremos.<\/p>\n<p style=\"text-align: justify;\">A partir de a\u00f1o 2021, el Colegio accede a la Ley S.E.P. (Subvenci\u00f3n Escolar Preferencial), facilitando as\u00ed la integraci\u00f3n escolar a toda la poblaci\u00f3n en edad escolar de nuestra comunidad cercana a que pueda formar parte de esta casa de estudio. Esta Ley permiti\u00f3 favorecer inicialmente a cerca de 450 estudiantes prioritarios que pudieron matricularse gratuitamente.<\/p>\n<p style=\"text-align: justify;\">La incorporaci\u00f3n a la Ley S.E.P. no genera ning\u00fan tipo de exclusi\u00f3n y, muy por el contrario, pone a disposici\u00f3n de los colegios recursos que se postulan a trav\u00e9s de proyectos que influir\u00e1n positivamente en la educaci\u00f3n integral de todos nuestros estudiantes, modalidad que seguir\u00e1 estando presente permanentemente en nuestro quehacer educativo.<\/p>\n<p style=\"text-align: justify;\">Nos hacemos un deber se\u00f1alar que, a consecuencias de los efectos que la Pandemia desatada por el COVID-19 y que lamentablemente todav\u00eda perduran, hemos debido reconsiderar la asignaci\u00f3n de horas para la asignatura de ingl\u00e9s en los diversos cursos y niveles a partir del a\u00f1o 2021, sin perjuicio de nuestra voluntad de mantener este Proyecto al m\u00e1ximo de horas que las condiciones de necesaria readecuaci\u00f3n curricular nos permitan hasta la recuperaci\u00f3n de una normalidad horaria y de una estabilizaci\u00f3n debidamente asentada de la malla curricular de los distintos cursos y niveles<\/p>\n<p style=\"text-align: justify;\">Este colegio bulle de entusiasmo y rigurosidad acad\u00e9mica, que se manifiesta rotundamente en todas nuestra facetas: el deporte, el arte, la comunicaci\u00f3n, las matem\u00e1ticas, la biolog\u00eda, actividades en las cuales nuestros estudiantes nos ha posicionado en altos niveles en la comunidad local, provincial, regional, nacional y con participaci\u00f3n en eventos internacionales.<\/p>\n<p style=\"text-align: justify;\">Colegio Los Reyes\u2026<\/p>\n<p style=\"text-align: center;\">\u00a0\u00a0\u00a0\u00a0\u00a0\u00a0\u00a0\u00a0\u00a0\u00a0\u00a0\u00a0\u00a0\u00a0\u00a0\u00a0\u00a0\u00a0\u00a0\u00a0\u00a0\u00a0\u00a0 <strong>\u2026 Acad\u00e9mico \u00a0\u00a0\u00a0\u00a0\u00a0\u00a0\u00a0 \u2026Deportivo \u00a0\u00a0\u00a0\u00a0\u00a0\u00a0\u00a0\u00a0\u00a0\u00a0 \u2026 Cultural \u00a0\u00a0\u00a0\u00a0\u00a0\u00a0\u00a0\u00a0\u00a0\u00a0\u00a0\u00a0\u00a0\u00a0\u00a0\u00a0 \u2026 Ingl\u00e9s<\/strong><\/p>\n<p style=\"text-align: justify;\">\u2026 Es una realidad tangible y cierta que nos hace posible vivir, incluso en los malos momentos, con vigor que nace de la fuerza moral y espiritual que nos da la convicci\u00f3n de que siempre estamos haciendo el mayor y el mejor esfuerzo por todos y cada uno de nuestros estudiantes.<\/p>\n<p>[\/vc_column_text][\/vc_column][\/vc_row]<\/p>\n<\/div>","protected":false},"excerpt":{"rendered":"<p>[vc_row][vc_column][vc_custom_heading text=&#8221;ORIGEN Y DESARROLLO DE COLEGIO LOS REYES&#8221; font_container=&#8221;tag:h2|text_align:left|color:%23dd3333&#8243; css=&#8221;&#8221;][vc_separator css=&#8221;&#8221;][\/vc_column][\/vc_row][vc_row][vc_column][vc_column_text css=&#8221;&#8221;] Fue la Sociedad Educacional Jamaby Limitada, integrada por Jaime Baeza Zet, Margarita Zet Sol\u00eds y Gabriela&#8230;<\/p>\n","protected":false},"author":1,"featured_media":0,"parent":6468,"menu_order":0,"comment_status":"closed","ping_status":"closed","template":"","meta":{"footnotes":"","_links_to":"","_links_to_target":""},"class_list":["post-6528","page","type-page","status-publish","hentry"],"_links":{"self":[{"href":"https:\/\/colegiolosreyes.cl\/sitio\/wp-json\/wp\/v2\/pages\/6528","targetHints":{"allow":["GET"]}}],"collection":[{"href":"https:\/\/colegiolosreyes.cl\/sitio\/wp-json\/wp\/v2\/pages"}],"about":[{"href":"https:\/\/colegiolosreyes.cl\/sitio\/wp-json\/wp\/v2\/types\/page"}],"author":[{"embeddable":true,"href":"https:\/\/colegiolosreyes.cl\/sitio\/wp-json\/wp\/v2\/users\/1"}],"replies":[{"embeddable":true,"href":"https:\/\/colegiolosreyes.cl\/sitio\/wp-json\/wp\/v2\/comments?post=6528"}],"version-history":[{"count":12,"href":"https:\/\/colegiolosreyes.cl\/sitio\/wp-json\/wp\/v2\/pages\/6528\/revisions"}],"predecessor-version":[{"id":7278,"href":"https:\/\/colegiolosreyes.cl\/sitio\/wp-json\/wp\/v2\/pages\/6528\/revisions\/7278"}],"up":[{"embeddable":true,"href":"https:\/\/colegiolosreyes.cl\/sitio\/wp-json\/wp\/v2\/pages\/6468"}],"wp:attachment":[{"href":"https:\/\/colegiolosreyes.cl\/sitio\/wp-json\/wp\/v2\/media?parent=6528"}],"curies":[{"name":"wp","href":"https:\/\/api.w.org\/{rel}","templated":true}]}}