{"id":522,"date":"2018-05-08T11:38:24","date_gmt":"2018-05-08T11:38:24","guid":{"rendered":"http:\/\/keenitsolutions.com\/products\/wordpress\/rsconstruction\/?page_id=522"},"modified":"2025-05-22T13:14:49","modified_gmt":"2025-05-22T13:14:49","slug":"inicio","status":"publish","type":"page","link":"https:\/\/colegiolosreyes.cl\/sitio\/","title":{"rendered":"INICIO"},"content":{"rendered":"<div class=\"wpb-content-wrapper\"><p>[vc_row el_id=&#8221;rs-services&#8221; css=&#8221;.vc_custom_1534248698130{margin-bottom: 90px !important;}&#8221; el_class=&#8221;rs-services-responsive&#8221;][vc_column width=&#8221;1\/3&#8243;]\n\t\t\t<div  class=\"rs-services-style1   top\">\n\t\t\t\t<div class=\"services-item rs-animation-hover\"  style=\"background: #ff0000\">\n\t\t\t\t    <div class=\"services-icon\"  style=\"background: #ff0000\">\n\t\t\t\t        <i  style=\"color: #ffffff\"class=\"vc_icon_element-icon fas fa-school rs-animation-scale-up\"><\/i>\n\t\t\t\t    <\/div>\n\t\t\t\t    <div class=\"services-desc\">\n\t\t\t\t        <h4 class=\"services-title\"><a  style=\"color: #ffffff\" href=\"https:\/\/colegiolosreyes.cl\/sitio\/sede-los-reyes\/\" title=\"\">Sede Los Reyes<\/a><\/h4>\n\t\t\t\t        <p  style=\"color: #ffffff\">Pre-B\u00e1sica &#8211; 1\u00bas, 2\u00bas, 3\u00bas b\u00e1sicos &#8211;<\/p>\n<p><span style=\"color: #ffffff;\">4\u00ba B\u00e1sico D y E<\/span><\/p>\n\t\t\t\t    <\/div>\n\t\t\t\t<\/div>\n\t\t\t<\/div>\n\t\t\t[\/vc_column][vc_column width=&#8221;1\/3&#8243;]\n\t\t\t<div  class=\"rs-services-style1   top\">\n\t\t\t\t<div class=\"services-item rs-animation-hover\"  style=\"background: #005285\">\n\t\t\t\t    <div class=\"services-icon\"  style=\"background: #005285\">\n\t\t\t\t        <i  style=\"color: #ffffff\"class=\"vc_icon_element-icon fas fa-school rs-animation-scale-up\"><\/i>\n\t\t\t\t    <\/div>\n\t\t\t\t    <div class=\"services-desc\">\n\t\t\t\t        <h4 class=\"services-title\"><a  href=\"https:\/\/colegiolosreyes.cl\/sitio\/sede-el-sauce\/\" title=\"\">Sede El Sauce<\/a><\/h4>\n\t\t\t\t        <p >4\u00baA, 4\u00baB, 4\u00baC &#8211; 5\u00bas y<\/p>\n<p>6\u00bas B\u00e1sicos<\/p>\n\t\t\t\t    <\/div>\n\t\t\t\t<\/div>\n\t\t\t<\/div>\n\t\t\t[\/vc_column][vc_column width=&#8221;1\/3&#8243;]\n\t\t\t<div  class=\"rs-services-style1   top\">\n\t\t\t\t<div class=\"services-item rs-animation-hover\"  style=\"background: #ff0000\">\n\t\t\t\t    <div class=\"services-icon\"  style=\"background: #ff0000\">\n\t\t\t\t        <i  style=\"color: #ffffff\"class=\"vc_icon_element-icon fas fa-school rs-animation-scale-up\"><\/i>\n\t\t\t\t    <\/div>\n\t\t\t\t    <div class=\"services-desc\">\n\t\t\t\t        <h4 class=\"services-title\"><a  style=\"color: #ffffff\" href=\"https:\/\/colegiolosreyes.cl\/sitio\/sede-luis-larco\/\" title=\"\">Sede Luis Larco<\/a><\/h4>\n\t\t\t\t        <p  style=\"color: #ffffff\">7\u00bas y 8\u00bas B\u00e1sicos &#8211; 1\u00bas, 2\u00bas, 3\u00bas<\/p>\n<p><span style=\"color: #ffffff;\">y 4\u00bas Medios<\/span><\/p>\n\t\t\t\t    <\/div>\n\t\t\t\t<\/div>\n\t\t\t<\/div>\n\t\t\t[\/vc_column][\/vc_row][vc_row css=&#8221;.vc_custom_1537854729028{padding-top: 66px !important;padding-bottom: 90px !important;}&#8221; el_class=&#8221;responsive-two-col kindergarten-about&#8221;][vc_column width=&#8221;1\/2&#8243; el_id=&#8221;home-one-services&#8221; css=&#8221;.vc_custom_1537864355162{padding-right: 35px !important;}&#8221;][vc_tta_tabs active_section=&#8221;2&#8243;][vc_tta_section i_icon_fontawesome=&#8221;fas fa-book-reader&#8221; add_icon=&#8221;true&#8221; title=&#8221;HISTORIA&#8221; tab_id=&#8221;our-history&#8221;]\n\t\t\t<div  class=\"rs-services-style1   icon-left\">\n\t\t\t\t<div class=\"services-item rs-animation-hover\" >\n\t\t\t\t    <div class=\"services-icon\" >\n\t\t\t\t        <i class=\"vc_icon_element-icon vc_li vc_li-calendar rs-animation-scale-up\"><\/i>\n\t\t\t\t    <\/div>\n\t\t\t\t    <div class=\"services-desc\">\n\t\t\t\t        <h4 class=\"services-title\"><a  >Origen y desarrollo<\/a><\/h4>\n\t\t\t\t        <p ><\/p>\n<p style=\"text-align: justify;\">Don Carlos Rivas, gerente de Inmobiliaria Belloto 2000, el Proyecto de mayor envergadura construido en la comuna de Quilpu\u00e9, fue quien otorg\u00f3 un pleno respaldo al\u00a0 \u201cProyecto Colegio\u201d&#8230;<strong><a href=\"https:\/\/colegiolosreyes.cl\/sitio\/nosotros\/breve-historia-del-colegio\/\">Leer m\u00e1s<\/a><\/strong><\/p>\n<p><\/p>\n\t\t\t\t    <\/div>\n\t\t\t\t<\/div>\n\t\t\t<\/div>\n\t\t\t\n\t\t\t<div  class=\"rs-services-style1   icon-left\">\n\t\t\t\t<div class=\"services-item rs-animation-hover\" >\n\t\t\t\t    <div class=\"services-icon\" >\n\t\t\t\t        <i class=\"vc_icon_element-icon vc_li vc_li-calendar rs-animation-scale-up\"><\/i>\n\t\t\t\t    <\/div>\n\t\t\t\t    <div class=\"services-desc\">\n\t\t\t\t        <h4 class=\"services-title\"><a  >En la actualidad<\/a><\/h4>\n\t\t\t\t        <p ><\/p>\n<p style=\"text-align: justify;\">En la actualidad, la Sede Los Reyes atiende la Educaci\u00f3n Parvularia y los Niveles NB1 y NB2 de Educaci\u00f3n General B\u00e1sica, mientras que la Sede El Sauce atiende a los estudiantes desde 5\u00ba B\u00e1sico hasta 4\u00ba A\u00f1o Medio&#8230;<strong><a href=\"https:\/\/colegiolosreyes.cl\/sitio\/nosotros\/breve-historia-del-colegio\/\">Leer m\u00e1s<\/a><\/strong><\/p>\n<p><\/p>\n\t\t\t\t    <\/div>\n\t\t\t\t<\/div>\n\t\t\t<\/div>\n\t\t\t[\/vc_tta_section][vc_tta_section i_icon_fontawesome=&#8221;fas fa-chalkboard-teacher&#8221; add_icon=&#8221;true&#8221; title=&#8221;MISI\u00d3N&#8221; tab_id=&#8221;our-mission&#8221;]\n\t\t\t<div  class=\"rs-services-style1   icon-left\">\n\t\t\t\t<div class=\"services-item rs-animation-hover\" >\n\t\t\t\t    <div class=\"services-icon\" >\n\t\t\t\t        <i class=\"vc_icon_element-icon vc_li vc_li-calendar rs-animation-scale-up\"><\/i>\n\t\t\t\t    <\/div>\n\t\t\t\t    <div class=\"services-desc\">\n\t\t\t\t        <h4 class=\"services-title\"><a  >Formaci\u00f3n<\/a><\/h4>\n\t\t\t\t        <p >La misi\u00f3n del Colegio Los Reyes es formar personas reflexivas, \u00edntegras, inclusivas, democr\u00e1ticas, participativas, solidarias y constructoras de su entorno individual, social e hist\u00f3rico&#8230;<strong><a href=\"https:\/\/colegiolosreyes.cl\/sitio\/nosotros\/mision-y-vision\/\">Leer m\u00e1s<\/a><\/strong><\/p>\n\t\t\t\t    <\/div>\n\t\t\t\t<\/div>\n\t\t\t<\/div>\n\t\t\t\n\t\t\t<div  class=\"rs-services-style1   icon-left\">\n\t\t\t\t<div class=\"services-item rs-animation-hover\" >\n\t\t\t\t    <div class=\"services-icon\" >\n\t\t\t\t        <i class=\"vc_icon_element-icon vc_li vc_li-calendar rs-animation-scale-up\"><\/i>\n\t\t\t\t    <\/div>\n\t\t\t\t    <div class=\"services-desc\">\n\t\t\t\t        <h4 class=\"services-title\"><a  >Quehacer<\/a><\/h4>\n\t\t\t\t        <p ><\/p>\n<p style=\"text-align: justify;\">Todo nuestro quehacer se sustenta en la acci\u00f3n formadora de valores y actitudes de respeto, responsabilidad, honestidad, autonom\u00eda y trabajo colaborativo para la vida&#8230;<strong><a href=\"https:\/\/colegiolosreyes.cl\/sitio\/nosotros\/mision-y-vision\/\">Leer m\u00e1s<\/a><\/strong><\/p>\n<p><\/p>\n\t\t\t\t    <\/div>\n\t\t\t\t<\/div>\n\t\t\t<\/div>\n\t\t\t[\/vc_tta_section][vc_tta_section i_icon_fontawesome=&#8221;fas fa-arrows-alt&#8221; add_icon=&#8221;true&#8221; title=&#8221;VISI\u00d3N&#8221; tab_id=&#8221;our-vision&#8221;]\n\t\t\t<div  class=\"rs-services-style1   icon-left\">\n\t\t\t\t<div class=\"services-item rs-animation-hover\" >\n\t\t\t\t    <div class=\"services-icon\" >\n\t\t\t\t        <i class=\"vc_icon_element-icon vc_li vc_li-calendar rs-animation-scale-up\"><\/i>\n\t\t\t\t    <\/div>\n\t\t\t\t    <div class=\"services-desc\">\n\t\t\t\t        <h4 class=\"services-title\"><a  >Proyecci\u00f3n<\/a><\/h4>\n\t\t\t\t        <p >Colegio Los Reyes se proyecta como una instituci\u00f3n educativa enfocada en la formaci\u00f3n de todos sus estudiantes, desarrollando personas con principios, valores&#8230;<strong><a href=\"https:\/\/colegiolosreyes.cl\/sitio\/nosotros\/mision-y-vision\/\">Leer m\u00e1s<\/a><\/strong><\/p>\n\t\t\t\t    <\/div>\n\t\t\t\t<\/div>\n\t\t\t<\/div>\n\t\t\t\n\t\t\t<div  class=\"rs-services-style1   icon-left\">\n\t\t\t\t<div class=\"services-item rs-animation-hover\" >\n\t\t\t\t    <div class=\"services-icon\" >\n\t\t\t\t        <i class=\"vc_icon_element-icon vc_li vc_li-calendar rs-animation-scale-up\"><\/i>\n\t\t\t\t    <\/div>\n\t\t\t\t    <div class=\"services-desc\">\n\t\t\t\t        <h4 class=\"services-title\"><a  >Ambiente<\/a><\/h4>\n\t\t\t\t        <p ><\/p>\n<p style=\"text-align: justify;\">Para ello proveeremos un ambiente escolar que promueva el desarrollo acad\u00e9mico integral, social y cultural&#8230;<strong><a href=\"https:\/\/colegiolosreyes.cl\/sitio\/nosotros\/mision-y-vision\/\">Leer m\u00e1s<\/a><\/strong><\/p>\n<p><\/p>\n\t\t\t\t    <\/div>\n\t\t\t\t<\/div>\n\t\t\t<\/div>\n\t\t\t[\/vc_tta_section][\/vc_tta_tabs][\/vc_column][vc_column width=&#8221;1\/2&#8243;]<div class=\"rs-video-2  \" ><img decoding=\"async\" src=\"https:\/\/colegiolosreyes.cl\/sitio\/wp-content\/uploads\/2025\/05\/logo-video.png\" alt=\"Video Institucional\"><div class=\"video-content\"><h4 style=\"color:\">Video Institucional<\/h4><a class=\"popup-videos pulse animated\" href=\"https:\/\/www.youtube.com\/watch?v=6V2ZV14r90M\" title=\"Video Institucional\">\n\t\t\t\t\t    <span><\/span>\n\t\t\t\t\t\t\t<i class=\"fa fa-play\"><\/i>\n\t\t\t\t\t\t<\/a>\n\n\t\t\t\t\t\t<\/div>\n\t\t\t\t\t    <div class=\"overly-border\"><\/div>\n\t\t\t\t\t<\/div>[\/vc_column][\/vc_row][vc_row full_width=&#8221;stretch_row&#8221; content_placement=&#8221;middle&#8221; css=&#8221;.vc_custom_1534259102798{padding-top: 65px !important;padding-bottom: 100px !important;background-color: #f0f0f0 !important;}&#8221; el_class=&#8221;home4-post style2-slider&#8221;][vc_column width=&#8221;4\/12&#8243;]\n        <div class=\"rs-heading style1  vc_custom_1716334282486  \">\n        \t<div class=\"title-inner\">\n\t            \n\t            <h2 >NOTICIAS DESTACADAS<\/h2>\n\t        <\/div><div class=\"description\"><p >Actividades y Eventos de nuestro Colegio<\/p><\/div><\/div>[vc_column_text css=&#8221;.vc_custom_1717381673737{margin-bottom: 25px !important;}&#8221;]Ent\u00e9rate de lo que hacemos: nuestras actividades diarias con toda la informaci\u00f3n y fotograf\u00edas ordenadas cronol\u00f3gicamente.<\/p>\n<p><strong><a href=\"https:\/\/colegiolosreyes.cl\/sitio\/category\/noticias\/\">VER ARCHIVO DE NOTICIAS<\/a><\/strong>[\/vc_column_text][\/vc_column][vc_column width=&#8221;8\/12&#8243;]\n\t\t\t<div class=\"rs-latest-news dd\">\n\t\t\t\t<div class=\"row\">\n\t\t\t        <div class=\"col-md-6\"><div class=\"news-normal-block\"><div class=\"news-img\">\n\t\t\t\t                    \t<a href=\"https:\/\/colegiolosreyes.cl\/sitio\/?post_type=post&p=8798\">\n\t\t\t\t                        \t<img loading=\"lazy\" decoding=\"async\" width=\"480\" height=\"248\" src=\"https:\/\/colegiolosreyes.cl\/sitio\/wp-content\/uploads\/2026\/04\/resized_WhatsApp-Image-2026-04-07-at-3.46.18-PM-1-480x248.jpg\" class=\"attachment-eshkool_latest_blog_big size-eshkool_latest_blog_big wp-post-image\" alt=\"\" \/>\n\t\t\t\t                    \t<\/a>\n\t\t\t\t                    <\/div><div class=\"news-info\">\n\t\t\t                \t<div class=\"news-date\">\n\t\t\t                \t\t<i class=\"fa fa-calendar-check-o\"><\/i>\n\t\t\t                \t\t<span>abril 7, 2026<\/span>\n\t\t\t                \t<\/div>\n\n\t\t\t                \t<h4 class=\"news-title\"><a href=\"https:\/\/colegiolosreyes.cl\/sitio\/?post_type=post&p=8798\">ORGULLO TOTAL EN NUESTRA COMUNIDAD<\/a><\/h4>\n\n\t\t\t                \t<div class=\"news-desc\">\n\t\t\t                \t\t<p>\n\t\t\t                \t\t\t[vc_row][vc_column][vc_column_text]Sebasti\u00e1n Jaramillo, jugador del equipo \u00a0Sub 20 de Santiago Wanderers\u00a0ganador de la Copa Libertadores 2026 \u00a0&hellip;\n\t\t\t                \t\t<\/p>\n\t\t\t                \t<\/div>\n\n\t\t\t                \t\n\n\t\t                \t<\/div><\/div><\/div>\n\t\t\t        <div class=\"col-md-6\">\n\t\t\t        \t<div class=\"news-list-block\"><div class=\"news-list-item\"><div class=\"news-img\">\n\t\t\t\t                    \t<a href=\"https:\/\/colegiolosreyes.cl\/sitio\/?post_type=post&p=8786\">\n\t\t\t\t                        \t<img loading=\"lazy\" decoding=\"async\" width=\"154\" height=\"116\" src=\"https:\/\/colegiolosreyes.cl\/sitio\/wp-content\/uploads\/2026\/04\/IMG_2011-1-154x116.jpeg\" class=\"attachment-eshkool_latest_blog_small size-eshkool_latest_blog_small wp-post-image\" alt=\"\" srcset=\"https:\/\/colegiolosreyes.cl\/sitio\/wp-content\/uploads\/2026\/04\/IMG_2011-1-154x116.jpeg 154w, https:\/\/colegiolosreyes.cl\/sitio\/wp-content\/uploads\/2026\/04\/IMG_2011-1-360x270.jpeg 360w\" sizes=\"auto, (max-width: 154px) 100vw, 154px\" \/>\n\t\t\t\t                    \t<\/a>\n\t\t\t\t                    <\/div><div class=\"news-content\">\n\t\t\t                    \t<h5 class=\"news-title\"><a href=\"https:\/\/colegiolosreyes.cl\/sitio\/?post_type=post&p=8786\">CHANGE THE WORLD MODEL UNITED NATIONS<\/a><\/h5>\n\t\t\t                    \t<div class=\"news-date\">\n\t\t\t                    \t\t<i class=\"fa fa-calendar-check-o\"><\/i>\n\t\t\t                    \t\t<span>abril 7, 2026<\/span>\n\t\t\t                    \t<\/div>\n\t\t\t                    \t<div class=\"news-desc\">\n\t\t\t                    \t\t<p>\n\t\t\t                    \t\t\t[vc_row][vc_column][vc_column_text]UNA NOTICIA QUE NOS LLENA DE ALEGR\u00cdA Y CONFIANZA. The Change the World Model United Nations&hellip;\n\t\t\t                    \t\t<\/p>\n\t\t\t                    \t<\/div>\n\t\t\t\t                <\/div>\t\t\t        \t\t\t\n\t\t\t        \t\t<\/div><div class=\"news-list-item\"><div class=\"news-img\">\n\t\t\t\t                    \t<a href=\"https:\/\/colegiolosreyes.cl\/sitio\/?post_type=post&p=8774\">\n\t\t\t\t                        \t<img loading=\"lazy\" decoding=\"async\" width=\"154\" height=\"116\" src=\"https:\/\/colegiolosreyes.cl\/sitio\/wp-content\/uploads\/2026\/03\/resized_1000195922-154x116.jpg\" class=\"attachment-eshkool_latest_blog_small size-eshkool_latest_blog_small wp-post-image\" alt=\"\" srcset=\"https:\/\/colegiolosreyes.cl\/sitio\/wp-content\/uploads\/2026\/03\/resized_1000195922-154x116.jpg 154w, https:\/\/colegiolosreyes.cl\/sitio\/wp-content\/uploads\/2026\/03\/resized_1000195922-300x225.jpg 300w, https:\/\/colegiolosreyes.cl\/sitio\/wp-content\/uploads\/2026\/03\/resized_1000195922-768x576.jpg 768w, https:\/\/colegiolosreyes.cl\/sitio\/wp-content\/uploads\/2026\/03\/resized_1000195922-360x270.jpg 360w, https:\/\/colegiolosreyes.cl\/sitio\/wp-content\/uploads\/2026\/03\/resized_1000195922.jpg 800w\" sizes=\"auto, (max-width: 154px) 100vw, 154px\" \/>\n\t\t\t\t                    \t<\/a>\n\t\t\t\t                    <\/div><div class=\"news-content\">\n\t\t\t                    \t<h5 class=\"news-title\"><a href=\"https:\/\/colegiolosreyes.cl\/sitio\/?post_type=post&p=8774\">LA INCLUSI\u00d3N SE APRENDE\u2026<\/a><\/h5>\n\t\t\t                    \t<div class=\"news-date\">\n\t\t\t                    \t\t<i class=\"fa fa-calendar-check-o\"><\/i>\n\t\t\t                    \t\t<span>marzo 30, 2026<\/span>\n\t\t\t                    \t<\/div>\n\t\t\t                    \t<div class=\"news-desc\">\n\t\t\t                    \t\t<p>\n\t\t\t                    \t\t\t[vc_row][vc_column][vc_column_text] Y mientras m\u00e1s temprano se encienda en los corazones de nuestras ni\u00f1as y ni\u00f1os, podremos&hellip;\n\t\t\t                    \t\t<\/p>\n\t\t\t                    \t<\/div>\n\t\t\t\t                <\/div>\t\t\t        \t\t\t\n\t\t\t        \t\t<\/div><div class=\"news-list-item\"><div class=\"news-img\">\n\t\t\t\t                    \t<a href=\"https:\/\/colegiolosreyes.cl\/sitio\/?post_type=post&p=8764\">\n\t\t\t\t                        \t<img loading=\"lazy\" decoding=\"async\" width=\"154\" height=\"116\" src=\"https:\/\/colegiolosreyes.cl\/sitio\/wp-content\/uploads\/2026\/03\/resized_inicio-ano-escolar-Sed-El-Sauce-foto-5-154x116.jpg\" class=\"attachment-eshkool_latest_blog_small size-eshkool_latest_blog_small wp-post-image\" alt=\"\" srcset=\"https:\/\/colegiolosreyes.cl\/sitio\/wp-content\/uploads\/2026\/03\/resized_inicio-ano-escolar-Sed-El-Sauce-foto-5-154x116.jpg 154w, https:\/\/colegiolosreyes.cl\/sitio\/wp-content\/uploads\/2026\/03\/resized_inicio-ano-escolar-Sed-El-Sauce-foto-5-300x225.jpg 300w, https:\/\/colegiolosreyes.cl\/sitio\/wp-content\/uploads\/2026\/03\/resized_inicio-ano-escolar-Sed-El-Sauce-foto-5-768x576.jpg 768w, https:\/\/colegiolosreyes.cl\/sitio\/wp-content\/uploads\/2026\/03\/resized_inicio-ano-escolar-Sed-El-Sauce-foto-5-360x270.jpg 360w, https:\/\/colegiolosreyes.cl\/sitio\/wp-content\/uploads\/2026\/03\/resized_inicio-ano-escolar-Sed-El-Sauce-foto-5.jpg 1024w\" sizes=\"auto, (max-width: 154px) 100vw, 154px\" \/>\n\t\t\t\t                    \t<\/a>\n\t\t\t\t                    <\/div><div class=\"news-content\">\n\t\t\t                    \t<h5 class=\"news-title\"><a href=\"https:\/\/colegiolosreyes.cl\/sitio\/?post_type=post&p=8764\">SE INICIA UN NUEVO A\u00d1O ESCOLAR EN SEDE EL SAUCE<\/a><\/h5>\n\t\t\t                    \t<div class=\"news-date\">\n\t\t\t                    \t\t<i class=\"fa fa-calendar-check-o\"><\/i>\n\t\t\t                    \t\t<span>marzo 27, 2026<\/span>\n\t\t\t                    \t<\/div>\n\t\t\t                    \t<div class=\"news-desc\">\n\t\t\t                    \t\t<p>\n\t\t\t                    \t\t\t[vc_row][vc_column][vc_column_text css=\"\"]El pasado 4 de marzo de 2026, la sede El Sauce del Colegio Los Reyes&hellip;\n\t\t\t                    \t\t<\/p>\n\t\t\t                    \t<\/div>\n\t\t\t\t                <\/div>\t\t\t        \t\t\t\n\t\t\t        \t\t<\/div><\/div>\n\t\t\t        <\/div>\n\t\t\t    <\/div>\n\t\t    <\/div>\n\t\t[\/vc_column][\/vc_row][vc_row full_width=&#8221;stretch_row&#8221; gap=&#8221;15&#8243; content_placement=&#8221;middle&#8221; parallax=&#8221;content-moving&#8221; parallax_speed_bg=&#8221;3.5&#8243; el_id=&#8221;rs-acheivements&#8221; el_class=&#8221;rs-acheivements rs-acheivements4 black-overlay icon-left&#8221; css=&#8221;.vc_custom_1717506459635{padding-top: 90px !important;padding-bottom: 95px !important;background-image: url(https:\/\/colegiolosreyes.cl\/sitio\/wp-content\/uploads\/2024\/06\/dia-del-deporte-10-1.jpeg?id=7153) !important;background-position: center;background-repeat: no-repeat !important;background-size: cover !important;}&#8221;][vc_column][vc_row_inner][vc_column_inner width=&#8221;1\/4&#8243;]\n\t<div class=\"counter-top-area  \" >\n    <div class=\"rs-counter-list\">\n\t\t<div class=\"count-icon\"><i class=\"fas fa-school\"><\/i><\/div>\n        <div class=\"count-text\"><div class=\"count-number\" style=\"color: #ffffff\"><h3 class=\"rs-counter\" style=\"color: #ffffff\">3<\/h3><\/div>         \n        <h4 style=\"color: #ffffff\">SEDES<\/h4><\/div>\n    <\/div><\/div>[\/vc_column_inner][vc_column_inner width=&#8221;1\/4&#8243;]\n\t<div class=\"counter-top-area  \" >\n    <div class=\"rs-counter-list\">\n\t\t<div class=\"count-icon\"><i class=\"fas fa-user-graduate\"><\/i><\/div>\n        <div class=\"count-text\"><div class=\"count-number\" style=\"color: #ffffff\"><h3 class=\"rs-counter\" style=\"color: #ffffff\">94<\/h3><\/div>         \n        <h4 style=\"color: #ffffff\">PROFESORES<\/h4><\/div>\n    <\/div><\/div>[\/vc_column_inner][vc_column_inner width=&#8221;1\/4&#8243;]\n\t<div class=\"counter-top-area  \" >\n    <div class=\"rs-counter-list\">\n\t\t<div class=\"count-icon\"><i class=\"fas fa-book-reader\"><\/i><\/div>\n        <div class=\"count-text\"><div class=\"count-number\" style=\"color: #ffffff\"><h3 class=\"rs-counter\" style=\"color: #ffffff\">2095<\/h3><\/div>         \n        <h4 style=\"color: #ffffff\">ESTUDIANTES<\/h4><\/div>\n    <\/div><\/div>[\/vc_column_inner][vc_column_inner width=&#8221;1\/4&#8243;]\n\t<div class=\"counter-top-area  \" >\n    <div class=\"rs-counter-list\">\n\t\t<div class=\"count-icon\"><i class=\"fas fa-apple-alt\"><\/i><\/div>\n        <div class=\"count-text\"><div class=\"count-number\" style=\"color: #ffffff\"><h3 class=\"rs-counter\" style=\"color: #ffffff\">59<\/h3><\/div>         \n        <h4 style=\"color: #ffffff\">CURSOS<\/h4><\/div>\n    <\/div><\/div>[\/vc_column_inner][\/vc_row_inner][\/vc_column][\/vc_row][vc_row][vc_column][vc_separator color=&#8221;white&#8221; css=&#8221;&#8221;][\/vc_column][\/vc_row][vc_row full_width=&#8221;stretch_row&#8221; css=&#8221;.vc_custom_1717506526710{padding-top: 140px !important;padding-bottom: 150px !important;background: #f9f9f9 url(https:\/\/colegiolosreyes.cl\/sitio\/wp-content\/uploads\/2024\/06\/Jornada-de-Convivencia-Escolar-2.jpeg?id=7156) !important;background-position: center !important;background-repeat: no-repeat !important;background-size: cover !important;}&#8221; el_class=&#8221;black-overlay text-center&#8221;][vc_column css=&#8221;.vc_custom_1528709296379{padding-top: 0px !important;}&#8221;]\n        \t<div class=\"rs-calltoaction\">\n        \t    <div class=\"rs-heading style1 center\">\n        \t        \n        \t        \n        \t        <p  style=\"color: #ffffff\"><\/p>\n        \t    <\/div><a class=\"cta-button\" href=\"#\" title=\"Join Now\"><\/a><\/div>[\/vc_column][\/vc_row]<\/p>\n<\/div>","protected":false},"excerpt":{"rendered":"<p>[vc_row el_id=&#8221;rs-services&#8221; css=&#8221;.vc_custom_1534248698130{margin-bottom: 90px !important;}&#8221; el_class=&#8221;rs-services-responsive&#8221;][vc_column width=&#8221;1\/3&#8243;][\/vc_column][vc_column width=&#8221;1\/3&#8243;][\/vc_column][vc_column width=&#8221;1\/3&#8243;][\/vc_column][\/vc_row][vc_row css=&#8221;.vc_custom_1537854729028{padding-top: 66px !important;padding-bottom: 90px !important;}&#8221; el_class=&#8221;responsive-two-col kindergarten-about&#8221;][vc_column width=&#8221;1\/2&#8243; el_id=&#8221;home-one-services&#8221; css=&#8221;.vc_custom_1537864355162{padding-right: 35px !important;}&#8221;][vc_tta_tabs active_section=&#8221;2&#8243;][vc_tta_section i_icon_fontawesome=&#8221;fas fa-book-reader&#8221; add_icon=&#8221;true&#8221; title=&#8221;HISTORIA&#8221; tab_id=&#8221;our-history&#8221;][\/vc_tta_section][vc_tta_section i_icon_fontawesome=&#8221;fas&#8230;<\/p>\n","protected":false},"author":1,"featured_media":0,"parent":0,"menu_order":0,"comment_status":"closed","ping_status":"closed","template":"","meta":{"footnotes":"","_links_to":"","_links_to_target":""},"class_list":["post-522","page","type-page","status-publish","hentry"],"_links":{"self":[{"href":"https:\/\/colegiolosreyes.cl\/sitio\/wp-json\/wp\/v2\/pages\/522","targetHints":{"allow":["GET"]}}],"collection":[{"href":"https:\/\/colegiolosreyes.cl\/sitio\/wp-json\/wp\/v2\/pages"}],"about":[{"href":"https:\/\/colegiolosreyes.cl\/sitio\/wp-json\/wp\/v2\/types\/page"}],"author":[{"embeddable":true,"href":"https:\/\/colegiolosreyes.cl\/sitio\/wp-json\/wp\/v2\/users\/1"}],"replies":[{"embeddable":true,"href":"https:\/\/colegiolosreyes.cl\/sitio\/wp-json\/wp\/v2\/comments?post=522"}],"version-history":[{"count":111,"href":"https:\/\/colegiolosreyes.cl\/sitio\/wp-json\/wp\/v2\/pages\/522\/revisions"}],"predecessor-version":[{"id":8120,"href":"https:\/\/colegiolosreyes.cl\/sitio\/wp-json\/wp\/v2\/pages\/522\/revisions\/8120"}],"wp:attachment":[{"href":"https:\/\/colegiolosreyes.cl\/sitio\/wp-json\/wp\/v2\/media?parent=522"}],"curies":[{"name":"wp","href":"https:\/\/api.w.org\/{rel}","templated":true}]}}